{"id":115,"date":"2015-07-23T12:04:20","date_gmt":"2015-07-23T10:04:20","guid":{"rendered":"http:\/\/doebritz.de\/?page_id=115"},"modified":"2023-08-31T16:09:21","modified_gmt":"2023-08-31T14:09:21","slug":"freehand-sale","status":"publish","type":"page","link":"https:\/\/www.doebritz.de\/en\/freihandverkauf\/","title":{"rendered":"Direct Sale"},"content":{"rendered":"<div class=\"wpb-content-wrapper\"><div class=\"vc_row wpb_row vc_row-fluid dt-default\" style=\"margin-top: 0px;margin-bottom: 0px\"><div class=\"wpb_column vc_column_container vc_col-sm-3\"><div class=\"vc_column-inner\"><div class=\"wpb_wrapper\"><div  class=\"wpb_widgetised_column wpb_content_element sidebar-content\">\n\t\t<div class=\"wpb_wrapper\">\n\t\t\t\n\t\t\t<section id=\"nav_menu-3\" class=\"widget widget_nav_menu\"><div class=\"menu-kue-sub-container\"><ul id=\"menu-kue-sub\" class=\"menu\"><li id=\"menu-item-471\" class=\"menu-item menu-item-type-post_type menu-item-object-page menu-item-471\"><a href=\"https:\/\/www.doebritz.de\/en\/kaufen\/\">Buy<\/a><\/li>\n<li id=\"menu-item-2887\" class=\"menu-item menu-item-type-post_type menu-item-object-page menu-item-2887\"><a href=\"https:\/\/www.doebritz.de\/en\/freihandverkauf\/\">Direct Sale<\/a><\/li>\n<li id=\"menu-item-470\" class=\"menu-item menu-item-type-post_type menu-item-object-page menu-item-470\"><a href=\"https:\/\/www.doebritz.de\/en\/einliefern\/\">Consign<\/a><\/li>\n<li id=\"menu-item-468\" class=\"menu-item menu-item-type-post_type menu-item-object-page menu-item-468\"><a href=\"https:\/\/www.doebritz.de\/en\/auktionsbedingungen\/\">Auction conditions<\/a><\/li>\n<\/ul><\/div><\/section>\n\t\t<\/div>\n\t<\/div>\n<\/div><\/div><\/div><div class=\"wpb_column vc_column_container vc_col-sm-9\"><div class=\"vc_column-inner\"><div class=\"wpb_wrapper\">\n\t<div class=\"wpb_text_column wpb_content_element\" >\n\t\t<div class=\"wpb_wrapper\">\n\t\t\t<h1 class=\"doebritzhead\">Direct Sale<\/h1>\n<p class=\"doebritzstandard_fliesstext\">Between the art auctions you will find a regularly changing selection of paintings, prints, icons, sculptures, carpets, furniture, glass, jewellery, silver and porcelain in our shop.<\/p>\n<p class=\"doebritzstandard_fliesstext\"><span class=\"standard_fett\"><b>Please note the shop opening hours:<\/b><\/span><br \/>\nMonday - Friday 10.00 - 18.00 hrs<\/p>\n<p>&nbsp;<\/p>\n<p class=\"doebritzstandard_fliesstext\">During the auction preparations in the four weeks before the auction, we unfortunately only have limited sales. Please call us to find out about our opening hours during these weeks.<\/p>\n\n\t\t<\/div>\n\t<\/div>\n\n\t<div class=\"wpb_text_column wpb_content_element\" >\n\t\t<div class=\"wpb_wrapper\">\n\t\t\t<p><\/p>\n\n\t\t<\/div>\n\t<\/div>\n<\/div><\/div><\/div><\/div>\n<\/div>","protected":false},"excerpt":{"rendered":"<p>Buy Freehand Sale Consign Auction Conditions Freehand Sale Between the art auctions you will find a regularly changing selection of paintings, prints, icons, sculptures, carpets, furniture, glass, jewellery, silver and porcelain in our shop. Please note the shop opening hours: Monday - Friday 10.00 - 18.00 During the auction preparations in the four weeks before the auction, we are unfortunately...<\/p>","protected":false},"author":1,"featured_media":66,"parent":0,"menu_order":0,"comment_status":"closed","ping_status":"closed","template":"","meta":{"footnotes":""},"class_list":["post-115","page","type-page","status-publish","has-post-thumbnail","hentry","description-off"],"yoast_head":"<!-- This site is optimized with the Yoast SEO plugin v27.4 - https:\/\/yoast.com\/product\/yoast-seo-wordpress\/ -->\n<title>Freihandverkauf - Auktionshaus D\u00f6britz<\/title>\n<meta name=\"description\" content=\"Kunst- und Auktionshaus D\u00f6britz: Seit \u00fcber 55 Jahren Ihr Auktionshaus in Frankfurt am Main f\u00fcr MODERNE und Alte Kunst, Gem\u00e4lde, Graphik, Fotografie, Ikonen, Skulpturen, Tapisserien, Teppiche, Uhren, M\u00f6bel, Silber, Porzellan und Schmuck.\" \/>\n<meta name=\"robots\" content=\"index, follow, max-snippet:-1, max-image-preview:large, max-video-preview:-1\" \/>\n<link rel=\"canonical\" href=\"https:\/\/www.doebritz.de\/en\/freehand-sale\/\" \/>\n<meta property=\"og:locale\" content=\"en_GB\" \/>\n<meta property=\"og:type\" content=\"article\" \/>\n<meta property=\"og:title\" content=\"Freihandverkauf - Auktionshaus D\u00f6britz\" \/>\n<meta property=\"og:description\" content=\"Kunst- und Auktionshaus D\u00f6britz: Seit \u00fcber 55 Jahren Ihr Auktionshaus in Frankfurt am Main f\u00fcr MODERNE und Alte Kunst, Gem\u00e4lde, Graphik, Fotografie, Ikonen, Skulpturen, Tapisserien, Teppiche, Uhren, M\u00f6bel, Silber, Porzellan und Schmuck.\" \/>\n<meta property=\"og:url\" content=\"https:\/\/www.doebritz.de\/en\/freehand-sale\/\" \/>\n<meta property=\"og:site_name\" content=\"Auktionshaus D\u00f6britz\" \/>\n<meta property=\"article:modified_time\" content=\"2023-08-31T14:09:21+00:00\" \/>\n<meta property=\"og:image\" content=\"https:\/\/www.doebritz.de\/wp-content\/uploads\/2015\/07\/doebritz.png\" \/>\n\t<meta property=\"og:image:width\" content=\"600\" \/>\n\t<meta property=\"og:image:height\" content=\"450\" \/>\n\t<meta property=\"og:image:type\" content=\"image\/png\" \/>\n<meta name=\"twitter:card\" content=\"summary_large_image\" \/>\n<meta name=\"twitter:label1\" content=\"Estimated reading time\" \/>\n\t<meta name=\"twitter:data1\" content=\"1 minute\" \/>\n<script type=\"application\/ld+json\" class=\"yoast-schema-graph\">{\"@context\":\"https:\\\/\\\/schema.org\",\"@graph\":[{\"@type\":\"WebPage\",\"@id\":\"https:\\\/\\\/www.doebritz.de\\\/freihandverkauf\\\/\",\"url\":\"https:\\\/\\\/www.doebritz.de\\\/freihandverkauf\\\/\",\"name\":\"Freihandverkauf - Auktionshaus D\u00f6britz\",\"isPartOf\":{\"@id\":\"https:\\\/\\\/www.doebritz.de\\\/#website\"},\"primaryImageOfPage\":{\"@id\":\"https:\\\/\\\/www.doebritz.de\\\/freihandverkauf\\\/#primaryimage\"},\"image\":{\"@id\":\"https:\\\/\\\/www.doebritz.de\\\/freihandverkauf\\\/#primaryimage\"},\"thumbnailUrl\":\"https:\\\/\\\/www.doebritz.de\\\/wp-content\\\/uploads\\\/2015\\\/07\\\/doebritz.png\",\"datePublished\":\"2015-07-23T10:04:20+00:00\",\"dateModified\":\"2023-08-31T14:09:21+00:00\",\"description\":\"Kunst- und Auktionshaus D\u00f6britz: Seit \u00fcber 55 Jahren Ihr Auktionshaus in Frankfurt am Main f\u00fcr MODERNE und Alte Kunst, Gem\u00e4lde, Graphik, Fotografie, Ikonen, Skulpturen, Tapisserien, Teppiche, Uhren, M\u00f6bel, Silber, Porzellan und Schmuck.\",\"breadcrumb\":{\"@id\":\"https:\\\/\\\/www.doebritz.de\\\/freihandverkauf\\\/#breadcrumb\"},\"inLanguage\":\"en-GB\",\"potentialAction\":[{\"@type\":\"ReadAction\",\"target\":[\"https:\\\/\\\/www.doebritz.de\\\/freihandverkauf\\\/\"]}]},{\"@type\":\"ImageObject\",\"inLanguage\":\"en-GB\",\"@id\":\"https:\\\/\\\/www.doebritz.de\\\/freihandverkauf\\\/#primaryimage\",\"url\":\"https:\\\/\\\/www.doebritz.de\\\/wp-content\\\/uploads\\\/2015\\\/07\\\/doebritz.png\",\"contentUrl\":\"https:\\\/\\\/www.doebritz.de\\\/wp-content\\\/uploads\\\/2015\\\/07\\\/doebritz.png\",\"width\":600,\"height\":450},{\"@type\":\"BreadcrumbList\",\"@id\":\"https:\\\/\\\/www.doebritz.de\\\/freihandverkauf\\\/#breadcrumb\",\"itemListElement\":[{\"@type\":\"ListItem\",\"position\":1,\"name\":\"Home\",\"item\":\"https:\\\/\\\/www.doebritz.de\\\/\"},{\"@type\":\"ListItem\",\"position\":2,\"name\":\"Freihandverkauf\"}]},{\"@type\":\"WebSite\",\"@id\":\"https:\\\/\\\/www.doebritz.de\\\/#website\",\"url\":\"https:\\\/\\\/www.doebritz.de\\\/\",\"name\":\"Auktionshaus D\u00f6britz\",\"description\":\"Frankfurt am Main\",\"alternateName\":\"doebritz.de\",\"potentialAction\":[{\"@type\":\"SearchAction\",\"target\":{\"@type\":\"EntryPoint\",\"urlTemplate\":\"https:\\\/\\\/www.doebritz.de\\\/?s={search_term_string}\"},\"query-input\":{\"@type\":\"PropertyValueSpecification\",\"valueRequired\":true,\"valueName\":\"search_term_string\"}}],\"inLanguage\":\"en-GB\"}]}<\/script>\n<!-- \/ Yoast SEO plugin. -->","yoast_head_json":{"title":"Private treaty sale - Auktionshaus D\u00f6britz","description":"Kunst- und Auktionshaus D\u00f6britz: For over 55 years your auction house in Frankfurt am Main for MODERN and old art, paintings, prints, photography, icons, sculptures, tapestries, carpets, clocks, furniture, silver, porcelain and jewellery.","robots":{"index":"index","follow":"follow","max-snippet":"max-snippet:-1","max-image-preview":"max-image-preview:large","max-video-preview":"max-video-preview:-1"},"canonical":"https:\/\/www.doebritz.de\/en\/freehand-sale\/","og_locale":"en_GB","og_type":"article","og_title":"Freihandverkauf - Auktionshaus D\u00f6britz","og_description":"Kunst- und Auktionshaus D\u00f6britz: Seit \u00fcber 55 Jahren Ihr Auktionshaus in Frankfurt am Main f\u00fcr MODERNE und Alte Kunst, Gem\u00e4lde, Graphik, Fotografie, Ikonen, Skulpturen, Tapisserien, Teppiche, Uhren, M\u00f6bel, Silber, Porzellan und Schmuck.","og_url":"https:\/\/www.doebritz.de\/en\/freehand-sale\/","og_site_name":"Auktionshaus D\u00f6britz","article_modified_time":"2023-08-31T14:09:21+00:00","og_image":[{"width":600,"height":450,"url":"https:\/\/www.doebritz.de\/wp-content\/uploads\/2015\/07\/doebritz.png","type":"image\/png"}],"twitter_card":"summary_large_image","twitter_misc":{"Estimated reading time":"1 minute"},"schema":{"@context":"https:\/\/schema.org","@graph":[{"@type":"WebPage","@id":"https:\/\/www.doebritz.de\/freihandverkauf\/","url":"https:\/\/www.doebritz.de\/freihandverkauf\/","name":"Private treaty sale - Auktionshaus D\u00f6britz","isPartOf":{"@id":"https:\/\/www.doebritz.de\/#website"},"primaryImageOfPage":{"@id":"https:\/\/www.doebritz.de\/freihandverkauf\/#primaryimage"},"image":{"@id":"https:\/\/www.doebritz.de\/freihandverkauf\/#primaryimage"},"thumbnailUrl":"https:\/\/www.doebritz.de\/wp-content\/uploads\/2015\/07\/doebritz.png","datePublished":"2015-07-23T10:04:20+00:00","dateModified":"2023-08-31T14:09:21+00:00","description":"Kunst- und Auktionshaus D\u00f6britz: For over 55 years your auction house in Frankfurt am Main for MODERN and old art, paintings, prints, photography, icons, sculptures, tapestries, carpets, clocks, furniture, silver, porcelain and jewellery.","breadcrumb":{"@id":"https:\/\/www.doebritz.de\/freihandverkauf\/#breadcrumb"},"inLanguage":"en-GB","potentialAction":[{"@type":"ReadAction","target":["https:\/\/www.doebritz.de\/freihandverkauf\/"]}]},{"@type":"ImageObject","inLanguage":"en-GB","@id":"https:\/\/www.doebritz.de\/freihandverkauf\/#primaryimage","url":"https:\/\/www.doebritz.de\/wp-content\/uploads\/2015\/07\/doebritz.png","contentUrl":"https:\/\/www.doebritz.de\/wp-content\/uploads\/2015\/07\/doebritz.png","width":600,"height":450},{"@type":"BreadcrumbList","@id":"https:\/\/www.doebritz.de\/freihandverkauf\/#breadcrumb","itemListElement":[{"@type":"ListItem","position":1,"name":"Home","item":"https:\/\/www.doebritz.de\/"},{"@type":"ListItem","position":2,"name":"Freihandverkauf"}]},{"@type":"WebSite","@id":"https:\/\/www.doebritz.de\/#website","url":"https:\/\/www.doebritz.de\/","name":"Auction house D\u00f6britz","description":"Frankfurt am Main","alternateName":"doebritz.de","potentialAction":[{"@type":"SearchAction","target":{"@type":"EntryPoint","urlTemplate":"https:\/\/www.doebritz.de\/?s={search_term_string}"},"query-input":{"@type":"PropertyValueSpecification","valueRequired":true,"valueName":"search_term_string"}}],"inLanguage":"en-GB"}]}},"_links":{"self":[{"href":"https:\/\/www.doebritz.de\/en\/wp-json\/wp\/v2\/pages\/115","targetHints":{"allow":["GET"]}}],"collection":[{"href":"https:\/\/www.doebritz.de\/en\/wp-json\/wp\/v2\/pages"}],"about":[{"href":"https:\/\/www.doebritz.de\/en\/wp-json\/wp\/v2\/types\/page"}],"author":[{"embeddable":true,"href":"https:\/\/www.doebritz.de\/en\/wp-json\/wp\/v2\/users\/1"}],"replies":[{"embeddable":true,"href":"https:\/\/www.doebritz.de\/en\/wp-json\/wp\/v2\/comments?post=115"}],"version-history":[{"count":3,"href":"https:\/\/www.doebritz.de\/en\/wp-json\/wp\/v2\/pages\/115\/revisions"}],"predecessor-version":[{"id":4619,"href":"https:\/\/www.doebritz.de\/en\/wp-json\/wp\/v2\/pages\/115\/revisions\/4619"}],"wp:featuredmedia":[{"embeddable":true,"href":"https:\/\/www.doebritz.de\/en\/wp-json\/wp\/v2\/media\/66"}],"wp:attachment":[{"href":"https:\/\/www.doebritz.de\/en\/wp-json\/wp\/v2\/media?parent=115"}],"curies":[{"name":"wp","href":"https:\/\/api.w.org\/{rel}","templated":true}]}}