{"id":152,"date":"2015-07-24T17:15:52","date_gmt":"2015-07-24T15:15:52","guid":{"rendered":"http:\/\/doebritz.de\/?page_id=152"},"modified":"2025-11-22T09:25:05","modified_gmt":"2025-11-22T08:25:05","slug":"experts","status":"publish","type":"page","link":"https:\/\/www.doebritz.de\/en\/experten\/","title":{"rendered":"Experts"},"content":{"rendered":"<div class=\"wpb-content-wrapper\"><div class=\"vc_row wpb_row vc_row-fluid dt-default\" style=\"margin-top: 0px;margin-bottom: 0px\"><div class=\"wpb_column vc_column_container vc_col-sm-2\"><div class=\"vc_column-inner\"><div class=\"wpb_wrapper\"><div  class=\"wpb_widgetised_column wpb_content_element sidebar-content dsidebar\">\n\t\t<div class=\"wpb_wrapper\">\n\t\t\t\n\t\t\t<section id=\"nav_menu-4\" class=\"widget widget_nav_menu\"><div class=\"menu-ueber-uns-sub-container\"><ul id=\"menu-ueber-uns-sub\" class=\"menu\"><li id=\"menu-item-475\" class=\"menu-item menu-item-type-post_type menu-item-object-page menu-item-475\"><a href=\"https:\/\/www.doebritz.de\/en\/ueber_uns\/\">Tradition<\/a><\/li>\n<li id=\"menu-item-472\" class=\"menu-item menu-item-type-post_type menu-item-object-page menu-item-472\"><a href=\"https:\/\/www.doebritz.de\/en\/experten\/\">Experts<\/a><\/li>\n<li id=\"menu-item-473\" class=\"menu-item menu-item-type-post_type menu-item-object-page menu-item-473\"><a href=\"https:\/\/www.doebritz.de\/en\/highlights\/\">Highlights<\/a><\/li>\n<li id=\"menu-item-1655\" class=\"menu-item menu-item-type-post_type menu-item-object-page menu-item-1655\"><a href=\"https:\/\/www.doebritz.de\/en\/presse\/\">Press<\/a><\/li>\n<li id=\"menu-item-474\" class=\"menu-item menu-item-type-post_type menu-item-object-page menu-item-474\"><a href=\"https:\/\/www.doebritz.de\/en\/karriere\/\">Career<\/a><\/li>\n<\/ul><\/div><\/section>\n\t\t<\/div>\n\t<\/div>\n<\/div><\/div><\/div><div class=\"wpb_column vc_column_container vc_col-sm-10\"><div class=\"vc_column-inner\"><div class=\"wpb_wrapper\">\n\t<div class=\"wpb_text_column wpb_content_element\" >\n\t\t<div class=\"wpb_wrapper\">\n\t\t\t<h3 class=\"doebritzhead\">Experts<\/h3>\n<p class=\"doebritzstandard_fliesstext\">Trustworthy advice and personal support are a top priority at D\u00f6britz. Our experts cover a wide range of specialised areas. Particular attention is paid to the major art categories, such as Old Masters, 19th century paintings through to classical modernism and contemporary art, as well as furniture, sculpture, glass, porcelain, silver, jewellery and watches. The following experts are at your side with their expertise and many years of market experience.<\/p>\n<p class=\"doebritzstandard\"><div class=\"gap\" style=\"line-height: 10px; height: 10px;\"><\/div>\n<p class=\"doebritzstandard\"><span class=\"doebritz_subhead\"><b>Philip Augustin<\/b><\/span><br \/>\nPublicly appointed and sworn auctioneer (general, IHK Bonn).<br \/>\nRenowned expert for MODERN and old art, specialist for paintings, drawings, watercolours, graphics and icons with over 25 years of experience at the Art and Auction House D\u00f6britz.<br \/>\neMail: <span style=\"color: #990000;\"><strong><a style=\"color: #990000;\" href=\"mailto:paugustin@doebritz.de\">augustin@doebritz.de<\/a><\/strong><\/span><\/p>\n<p class=\"doebritzstandard\"><div class=\"gap\" style=\"line-height: 10px; height: 10px;\"><\/div>\n<p><span class=\"doebritz_subhead\"><b>Eva Bender-Kn\u00f6rnschild<\/b> <strong>M.A.<\/strong><\/span><br \/>\nWith over 10 years of experience in our company, she specialises in arts and crafts such as glass, porcelain and silver.<br \/>\neMail: <span style=\"color: #990000;\"><strong><a style=\"color: #990000;\" href=\"mailto:knoernschild@doebritz.de\">bender@doebritz.de<\/a><\/strong><\/span><\/p>\n<p class=\"doebritzstandard\"><span class=\"doebritz_subhead\"><div class=\"gap\" style=\"line-height: 10px; height: 10px;\"><\/div><\/span><\/p>\n<p class=\"doebritzstandard\"><span class=\"doebritz_subhead\"><b>Michael St\u00f6wsand<\/b><\/span><br \/>\nOur expert for furniture and handicrafts such as glass, porcelain and silver for over 40 years.<br \/>\neMail: <strong><span style=\"color: #990000;\"><a style=\"color: #990000;\" href=\"mailto:info@doebritz.de\">kontakt@doebritz.de<\/a><\/span><\/strong><\/p>\n<p class=\"doebritzstandard\"><div class=\"gap\" style=\"line-height: 10px; height: 10px;\"><\/div>\n\n\t\t<\/div>\n\t<\/div>\n<\/div><\/div><\/div><\/div>\n<\/div>","protected":false},"excerpt":{"rendered":"<p>Tradition Experts Highlights Press Careers Experts Trustworthy advice and personal support are a top priority at D\u00f6britz. Our experts cover a wide range of specialised areas. Particular attention is paid to the major art genres, such as Old Masters, 19th century paintings through to classical modernism and contemporary art, as well as furniture, sculpture, glass, sculpture,...<\/p>","protected":false},"author":1,"featured_media":66,"parent":0,"menu_order":0,"comment_status":"closed","ping_status":"closed","template":"","meta":{"footnotes":""},"class_list":["post-152","page","type-page","status-publish","has-post-thumbnail","hentry","description-off"],"yoast_head":"<!-- This site is optimized with the Yoast SEO plugin v27.4 - https:\/\/yoast.com\/product\/yoast-seo-wordpress\/ -->\n<title>Expertinnen und Experten - Auktionshaus D\u00f6britz<\/title>\n<meta name=\"description\" content=\"Kunst- und Auktionshaus D\u00f6britz: Seit \u00fcber 55 Jahren Ihr Auktionshaus in Frankfurt am Main f\u00fcr MODERNE und Alte Kunst, Gem\u00e4lde, Graphik, Fotografie, Ikonen, Skulpturen, Tapisserien, Teppiche, Uhren, M\u00f6bel, Silber, Porzellan und Schmuck.\" \/>\n<meta name=\"robots\" content=\"index, follow, max-snippet:-1, max-image-preview:large, max-video-preview:-1\" \/>\n<link rel=\"canonical\" href=\"https:\/\/www.doebritz.de\/en\/experts\/\" \/>\n<meta property=\"og:locale\" content=\"en_GB\" \/>\n<meta property=\"og:type\" content=\"article\" \/>\n<meta property=\"og:title\" content=\"Expertinnen und Experten - Auktionshaus D\u00f6britz\" \/>\n<meta property=\"og:description\" content=\"Kunst- und Auktionshaus D\u00f6britz: Seit \u00fcber 55 Jahren Ihr Auktionshaus in Frankfurt am Main f\u00fcr MODERNE und Alte Kunst, Gem\u00e4lde, Graphik, Fotografie, Ikonen, Skulpturen, Tapisserien, Teppiche, Uhren, M\u00f6bel, Silber, Porzellan und Schmuck.\" \/>\n<meta property=\"og:url\" content=\"https:\/\/www.doebritz.de\/en\/experts\/\" \/>\n<meta property=\"og:site_name\" content=\"Auktionshaus D\u00f6britz\" \/>\n<meta property=\"article:modified_time\" content=\"2025-11-22T08:25:05+00:00\" \/>\n<meta property=\"og:image\" content=\"https:\/\/www.doebritz.de\/wp-content\/uploads\/2015\/07\/doebritz.png\" \/>\n\t<meta property=\"og:image:width\" content=\"600\" \/>\n\t<meta property=\"og:image:height\" content=\"450\" \/>\n\t<meta property=\"og:image:type\" content=\"image\/png\" \/>\n<meta name=\"twitter:card\" content=\"summary_large_image\" \/>\n<meta name=\"twitter:label1\" content=\"Estimated reading time\" \/>\n\t<meta name=\"twitter:data1\" content=\"2 minutes\" \/>\n<script type=\"application\/ld+json\" class=\"yoast-schema-graph\">{\"@context\":\"https:\\\/\\\/schema.org\",\"@graph\":[{\"@type\":\"WebPage\",\"@id\":\"https:\\\/\\\/www.doebritz.de\\\/experten\\\/\",\"url\":\"https:\\\/\\\/www.doebritz.de\\\/experten\\\/\",\"name\":\"Expertinnen und Experten - Auktionshaus D\u00f6britz\",\"isPartOf\":{\"@id\":\"https:\\\/\\\/www.doebritz.de\\\/#website\"},\"primaryImageOfPage\":{\"@id\":\"https:\\\/\\\/www.doebritz.de\\\/experten\\\/#primaryimage\"},\"image\":{\"@id\":\"https:\\\/\\\/www.doebritz.de\\\/experten\\\/#primaryimage\"},\"thumbnailUrl\":\"https:\\\/\\\/www.doebritz.de\\\/wp-content\\\/uploads\\\/2015\\\/07\\\/doebritz.png\",\"datePublished\":\"2015-07-24T15:15:52+00:00\",\"dateModified\":\"2025-11-22T08:25:05+00:00\",\"description\":\"Kunst- und Auktionshaus D\u00f6britz: Seit \u00fcber 55 Jahren Ihr Auktionshaus in Frankfurt am Main f\u00fcr MODERNE und Alte Kunst, Gem\u00e4lde, Graphik, Fotografie, Ikonen, Skulpturen, Tapisserien, Teppiche, Uhren, M\u00f6bel, Silber, Porzellan und Schmuck.\",\"breadcrumb\":{\"@id\":\"https:\\\/\\\/www.doebritz.de\\\/experten\\\/#breadcrumb\"},\"inLanguage\":\"en-GB\",\"potentialAction\":[{\"@type\":\"ReadAction\",\"target\":[\"https:\\\/\\\/www.doebritz.de\\\/experten\\\/\"]}]},{\"@type\":\"ImageObject\",\"inLanguage\":\"en-GB\",\"@id\":\"https:\\\/\\\/www.doebritz.de\\\/experten\\\/#primaryimage\",\"url\":\"https:\\\/\\\/www.doebritz.de\\\/wp-content\\\/uploads\\\/2015\\\/07\\\/doebritz.png\",\"contentUrl\":\"https:\\\/\\\/www.doebritz.de\\\/wp-content\\\/uploads\\\/2015\\\/07\\\/doebritz.png\",\"width\":600,\"height\":450},{\"@type\":\"BreadcrumbList\",\"@id\":\"https:\\\/\\\/www.doebritz.de\\\/experten\\\/#breadcrumb\",\"itemListElement\":[{\"@type\":\"ListItem\",\"position\":1,\"name\":\"Home\",\"item\":\"https:\\\/\\\/www.doebritz.de\\\/\"},{\"@type\":\"ListItem\",\"position\":2,\"name\":\"Expertinnen und Experten\"}]},{\"@type\":\"WebSite\",\"@id\":\"https:\\\/\\\/www.doebritz.de\\\/#website\",\"url\":\"https:\\\/\\\/www.doebritz.de\\\/\",\"name\":\"Auktionshaus D\u00f6britz\",\"description\":\"Frankfurt am Main\",\"alternateName\":\"doebritz.de\",\"potentialAction\":[{\"@type\":\"SearchAction\",\"target\":{\"@type\":\"EntryPoint\",\"urlTemplate\":\"https:\\\/\\\/www.doebritz.de\\\/?s={search_term_string}\"},\"query-input\":{\"@type\":\"PropertyValueSpecification\",\"valueRequired\":true,\"valueName\":\"search_term_string\"}}],\"inLanguage\":\"en-GB\"}]}<\/script>\n<!-- \/ Yoast SEO plugin. -->","yoast_head_json":{"title":"Experts - Auktionshaus D\u00f6britz","description":"Kunst- und Auktionshaus D\u00f6britz: For over 55 years your auction house in Frankfurt am Main for MODERN and old art, paintings, prints, photography, icons, sculptures, tapestries, carpets, clocks, furniture, silver, porcelain and jewellery.","robots":{"index":"index","follow":"follow","max-snippet":"max-snippet:-1","max-image-preview":"max-image-preview:large","max-video-preview":"max-video-preview:-1"},"canonical":"https:\/\/www.doebritz.de\/en\/experts\/","og_locale":"en_GB","og_type":"article","og_title":"Expertinnen und Experten - Auktionshaus D\u00f6britz","og_description":"Kunst- und Auktionshaus D\u00f6britz: Seit \u00fcber 55 Jahren Ihr Auktionshaus in Frankfurt am Main f\u00fcr MODERNE und Alte Kunst, Gem\u00e4lde, Graphik, Fotografie, Ikonen, Skulpturen, Tapisserien, Teppiche, Uhren, M\u00f6bel, Silber, Porzellan und Schmuck.","og_url":"https:\/\/www.doebritz.de\/en\/experts\/","og_site_name":"Auktionshaus D\u00f6britz","article_modified_time":"2025-11-22T08:25:05+00:00","og_image":[{"width":600,"height":450,"url":"https:\/\/www.doebritz.de\/wp-content\/uploads\/2015\/07\/doebritz.png","type":"image\/png"}],"twitter_card":"summary_large_image","twitter_misc":{"Estimated reading time":"2 minutes"},"schema":{"@context":"https:\/\/schema.org","@graph":[{"@type":"WebPage","@id":"https:\/\/www.doebritz.de\/experten\/","url":"https:\/\/www.doebritz.de\/experten\/","name":"Experts - Auktionshaus D\u00f6britz","isPartOf":{"@id":"https:\/\/www.doebritz.de\/#website"},"primaryImageOfPage":{"@id":"https:\/\/www.doebritz.de\/experten\/#primaryimage"},"image":{"@id":"https:\/\/www.doebritz.de\/experten\/#primaryimage"},"thumbnailUrl":"https:\/\/www.doebritz.de\/wp-content\/uploads\/2015\/07\/doebritz.png","datePublished":"2015-07-24T15:15:52+00:00","dateModified":"2025-11-22T08:25:05+00:00","description":"Kunst- und Auktionshaus D\u00f6britz: For over 55 years your auction house in Frankfurt am Main for MODERN and old art, paintings, prints, photography, icons, sculptures, tapestries, carpets, clocks, furniture, silver, porcelain and jewellery.","breadcrumb":{"@id":"https:\/\/www.doebritz.de\/experten\/#breadcrumb"},"inLanguage":"en-GB","potentialAction":[{"@type":"ReadAction","target":["https:\/\/www.doebritz.de\/experten\/"]}]},{"@type":"ImageObject","inLanguage":"en-GB","@id":"https:\/\/www.doebritz.de\/experten\/#primaryimage","url":"https:\/\/www.doebritz.de\/wp-content\/uploads\/2015\/07\/doebritz.png","contentUrl":"https:\/\/www.doebritz.de\/wp-content\/uploads\/2015\/07\/doebritz.png","width":600,"height":450},{"@type":"BreadcrumbList","@id":"https:\/\/www.doebritz.de\/experten\/#breadcrumb","itemListElement":[{"@type":"ListItem","position":1,"name":"Home","item":"https:\/\/www.doebritz.de\/"},{"@type":"ListItem","position":2,"name":"Expertinnen und Experten"}]},{"@type":"WebSite","@id":"https:\/\/www.doebritz.de\/#website","url":"https:\/\/www.doebritz.de\/","name":"Auction house D\u00f6britz","description":"Frankfurt am Main","alternateName":"doebritz.de","potentialAction":[{"@type":"SearchAction","target":{"@type":"EntryPoint","urlTemplate":"https:\/\/www.doebritz.de\/?s={search_term_string}"},"query-input":{"@type":"PropertyValueSpecification","valueRequired":true,"valueName":"search_term_string"}}],"inLanguage":"en-GB"}]}},"_links":{"self":[{"href":"https:\/\/www.doebritz.de\/en\/wp-json\/wp\/v2\/pages\/152","targetHints":{"allow":["GET"]}}],"collection":[{"href":"https:\/\/www.doebritz.de\/en\/wp-json\/wp\/v2\/pages"}],"about":[{"href":"https:\/\/www.doebritz.de\/en\/wp-json\/wp\/v2\/types\/page"}],"author":[{"embeddable":true,"href":"https:\/\/www.doebritz.de\/en\/wp-json\/wp\/v2\/users\/1"}],"replies":[{"embeddable":true,"href":"https:\/\/www.doebritz.de\/en\/wp-json\/wp\/v2\/comments?post=152"}],"version-history":[{"count":6,"href":"https:\/\/www.doebritz.de\/en\/wp-json\/wp\/v2\/pages\/152\/revisions"}],"predecessor-version":[{"id":5850,"href":"https:\/\/www.doebritz.de\/en\/wp-json\/wp\/v2\/pages\/152\/revisions\/5850"}],"wp:featuredmedia":[{"embeddable":true,"href":"https:\/\/www.doebritz.de\/en\/wp-json\/wp\/v2\/media\/66"}],"wp:attachment":[{"href":"https:\/\/www.doebritz.de\/en\/wp-json\/wp\/v2\/media?parent=152"}],"curies":[{"name":"wp","href":"https:\/\/api.w.org\/{rel}","templated":true}]}}