{"id":1629,"date":"2017-04-10T15:42:15","date_gmt":"2017-04-10T13:42:15","guid":{"rendered":"http:\/\/doebritz.de\/?page_id=1629"},"modified":"2020-04-06T11:08:25","modified_gmt":"2020-04-06T09:08:25","slug":"press","status":"publish","type":"page","link":"https:\/\/www.doebritz.de\/en\/presse\/","title":{"rendered":"Press"},"content":{"rendered":"<div class=\"wpb-content-wrapper\"><div class=\"vc_row wpb_row vc_row-fluid dt-default\" style=\"margin-top: 0px;margin-bottom: 0px\"><div class=\"wpb_column vc_column_container vc_col-sm-2\"><div class=\"vc_column-inner\"><div class=\"wpb_wrapper\"><div  class=\"wpb_widgetised_column wpb_content_element sidebar-content dsidebar\">\n\t\t<div class=\"wpb_wrapper\">\n\t\t\t\n\t\t\t<section id=\"nav_menu-4\" class=\"widget widget_nav_menu\"><div class=\"menu-ueber-uns-sub-container\"><ul id=\"menu-ueber-uns-sub\" class=\"menu\"><li id=\"menu-item-475\" class=\"menu-item menu-item-type-post_type menu-item-object-page menu-item-475\"><a href=\"https:\/\/www.doebritz.de\/en\/ueber_uns\/\">Tradition<\/a><\/li>\n<li id=\"menu-item-472\" class=\"menu-item menu-item-type-post_type menu-item-object-page menu-item-472\"><a href=\"https:\/\/www.doebritz.de\/en\/experten\/\">Experts<\/a><\/li>\n<li id=\"menu-item-473\" class=\"menu-item menu-item-type-post_type menu-item-object-page menu-item-473\"><a href=\"https:\/\/www.doebritz.de\/en\/highlights\/\">Highlights<\/a><\/li>\n<li id=\"menu-item-1655\" class=\"menu-item menu-item-type-post_type menu-item-object-page menu-item-1655\"><a href=\"https:\/\/www.doebritz.de\/en\/presse\/\">Press<\/a><\/li>\n<li id=\"menu-item-474\" class=\"menu-item menu-item-type-post_type menu-item-object-page menu-item-474\"><a href=\"https:\/\/www.doebritz.de\/en\/karriere\/\">Career<\/a><\/li>\n<\/ul><\/div><\/section>\n\t\t<\/div>\n\t<\/div>\n<\/div><\/div><\/div><div class=\"wpb_column vc_column_container vc_col-sm-10\"><div class=\"vc_column-inner\"><div class=\"wpb_wrapper\">\n\t<div class=\"wpb_text_column wpb_content_element\" >\n\t\t<div class=\"wpb_wrapper\">\n\t\t\t<h3><strong>Press<\/strong><\/h3>\n<p>Current articles:<\/p>\n\n\t\t<\/div>\n\t<\/div>\n<div class=\"vc_empty_space\"   style=\"height: 16px\"><span class=\"vc_empty_space_inner\"><\/span><\/div><div class=\"vc_empty_space\"   style=\"height: 16px\"><span class=\"vc_empty_space_inner\"><\/span><\/div><div class=\"vc_row wpb_row vc_inner vc_row-fluid\"><div class=\"wpb_column vc_column_container vc_col-sm-6\"><div class=\"vc_column-inner\"><div class=\"wpb_wrapper\">\n\t<div  class=\"wpb_single_image wpb_content_element vc_align_left\">\n\t\t\n\t\t<figure class=\"wpb_wrapper vc_figure\">\n\t\t\t<div class=\"vc_single_image-wrapper   vc_box_border_grey\"><img loading=\"lazy\" decoding=\"async\" width=\"605\" height=\"320\" src=\"https:\/\/www.doebritz.de\/wp-content\/uploads\/Anja_Doebritz_Roter_Faden.jpg\" class=\"vc_single_image-img attachment-full\" alt=\"\" title=\"Anja_Doebritz_Berti_Red_Thread\" srcset=\"https:\/\/www.doebritz.de\/wp-content\/uploads\/Anja_Doebritz_Roter_Faden.jpg 605w, https:\/\/www.doebritz.de\/wp-content\/uploads\/Anja_Doebritz_Roter_Faden-300x159.jpg 300w, https:\/\/www.doebritz.de\/wp-content\/uploads\/Anja_Doebritz_Roter_Faden-600x317.jpg 600w\" sizes=\"auto, (max-width: 605px) 100vw, 605px\"  data-dt-location=\"https:\/\/www.doebritz.de\/en\/presse\/anja_doebritz_roter_faden\/\" \/><\/div>\n\t\t<\/figure>\n\t<\/div>\n<\/div><\/div><\/div><div class=\"wpb_column vc_column_container vc_col-sm-6\"><div class=\"vc_column-inner\"><div class=\"wpb_wrapper\">\n\t<div class=\"wpb_text_column wpb_content_element\" >\n\t\t<div class=\"wpb_wrapper\">\n\t\t\t<p><a href=\"http:\/\/www.fnp.de\/lokales\/frankfurt\/Anja-Doebritz-Berti-Die-Auktionatorin;art675,2567046\" target=\"_blank\" rel=\"noopener noreferrer\">8.4.2017 Portrait \"The red thread\" in the FNP<\/a><\/p>\n\n\t\t<\/div>\n\t<\/div>\n<\/div><\/div><\/div><\/div><\/div><\/div><\/div><\/div><div class=\"vc_row wpb_row vc_row-fluid dt-default\" style=\"margin-top: 0px;margin-bottom: 0px\"><div class=\"wpb_column vc_column_container vc_col-sm-10\"><div class=\"vc_column-inner\"><div class=\"wpb_wrapper\"><\/div><\/div><\/div><\/div><div class=\"vc_row wpb_row vc_row-fluid dt-default\" style=\"margin-top: 0px;margin-bottom: 0px\"><div class=\"wpb_column vc_column_container vc_col-sm-12\"><div class=\"vc_column-inner\"><div class=\"wpb_wrapper\">\n\t<div class=\"wpb_text_column wpb_content_element\" >\n\t\t<div class=\"wpb_wrapper\">\n\t\t\t\n\t\t<\/div>\n\t<\/div>\n<\/div><\/div><\/div><\/div>\n<\/div>","protected":false},"excerpt":{"rendered":"<p>Tradition Experts Highlights Press Career Press Current articles: 8.4.2017 Portrait \u201eDer rote Faden\u201c in the FNP<\/p>","protected":false},"author":1,"featured_media":66,"parent":0,"menu_order":0,"comment_status":"closed","ping_status":"closed","template":"","meta":{"footnotes":""},"class_list":["post-1629","page","type-page","status-publish","has-post-thumbnail","hentry","description-off"],"yoast_head":"<!-- This site is optimized with the Yoast SEO plugin v27.4 - https:\/\/yoast.com\/product\/yoast-seo-wordpress\/ -->\n<title>Presse - Auktionshaus D\u00f6britz<\/title>\n<meta name=\"description\" content=\"Kunst- und Auktionshaus D\u00f6britz: Seit \u00fcber 55 Jahren Ihr Auktionshaus in Frankfurt am Main f\u00fcr MODERNE und Alte Kunst, Gem\u00e4lde, Graphik, Fotografie, Ikonen, Skulpturen, Tapisserien, Teppiche, Uhren, M\u00f6bel, Silber, Porzellan und Schmuck.\" \/>\n<meta name=\"robots\" content=\"index, follow, max-snippet:-1, max-image-preview:large, max-video-preview:-1\" \/>\n<link rel=\"canonical\" href=\"https:\/\/www.doebritz.de\/en\/press\/\" \/>\n<meta property=\"og:locale\" content=\"en_GB\" \/>\n<meta property=\"og:type\" content=\"article\" \/>\n<meta property=\"og:title\" content=\"Presse - Auktionshaus D\u00f6britz\" \/>\n<meta property=\"og:description\" content=\"Kunst- und Auktionshaus D\u00f6britz: Seit \u00fcber 55 Jahren Ihr Auktionshaus in Frankfurt am Main f\u00fcr MODERNE und Alte Kunst, Gem\u00e4lde, Graphik, Fotografie, Ikonen, Skulpturen, Tapisserien, Teppiche, Uhren, M\u00f6bel, Silber, Porzellan und Schmuck.\" \/>\n<meta property=\"og:url\" content=\"https:\/\/www.doebritz.de\/en\/press\/\" \/>\n<meta property=\"og:site_name\" content=\"Auktionshaus D\u00f6britz\" \/>\n<meta property=\"article:modified_time\" content=\"2020-04-06T09:08:25+00:00\" \/>\n<meta property=\"og:image\" content=\"https:\/\/www.doebritz.de\/wp-content\/uploads\/2015\/07\/doebritz.png\" \/>\n\t<meta property=\"og:image:width\" content=\"600\" \/>\n\t<meta property=\"og:image:height\" content=\"450\" \/>\n\t<meta property=\"og:image:type\" content=\"image\/png\" \/>\n<meta name=\"twitter:card\" content=\"summary_large_image\" \/>\n<meta name=\"twitter:label1\" content=\"Estimated reading time\" \/>\n\t<meta name=\"twitter:data1\" content=\"1 minute\" \/>\n<script type=\"application\/ld+json\" class=\"yoast-schema-graph\">{\"@context\":\"https:\\\/\\\/schema.org\",\"@graph\":[{\"@type\":\"WebPage\",\"@id\":\"https:\\\/\\\/www.doebritz.de\\\/presse\\\/\",\"url\":\"https:\\\/\\\/www.doebritz.de\\\/presse\\\/\",\"name\":\"Presse - Auktionshaus D\u00f6britz\",\"isPartOf\":{\"@id\":\"https:\\\/\\\/www.doebritz.de\\\/#website\"},\"primaryImageOfPage\":{\"@id\":\"https:\\\/\\\/www.doebritz.de\\\/presse\\\/#primaryimage\"},\"image\":{\"@id\":\"https:\\\/\\\/www.doebritz.de\\\/presse\\\/#primaryimage\"},\"thumbnailUrl\":\"https:\\\/\\\/www.doebritz.de\\\/wp-content\\\/uploads\\\/2015\\\/07\\\/doebritz.png\",\"datePublished\":\"2017-04-10T13:42:15+00:00\",\"dateModified\":\"2020-04-06T09:08:25+00:00\",\"description\":\"Kunst- und Auktionshaus D\u00f6britz: Seit \u00fcber 55 Jahren Ihr Auktionshaus in Frankfurt am Main f\u00fcr MODERNE und Alte Kunst, Gem\u00e4lde, Graphik, Fotografie, Ikonen, Skulpturen, Tapisserien, Teppiche, Uhren, M\u00f6bel, Silber, Porzellan und Schmuck.\",\"breadcrumb\":{\"@id\":\"https:\\\/\\\/www.doebritz.de\\\/presse\\\/#breadcrumb\"},\"inLanguage\":\"en-GB\",\"potentialAction\":[{\"@type\":\"ReadAction\",\"target\":[\"https:\\\/\\\/www.doebritz.de\\\/presse\\\/\"]}]},{\"@type\":\"ImageObject\",\"inLanguage\":\"en-GB\",\"@id\":\"https:\\\/\\\/www.doebritz.de\\\/presse\\\/#primaryimage\",\"url\":\"https:\\\/\\\/www.doebritz.de\\\/wp-content\\\/uploads\\\/2015\\\/07\\\/doebritz.png\",\"contentUrl\":\"https:\\\/\\\/www.doebritz.de\\\/wp-content\\\/uploads\\\/2015\\\/07\\\/doebritz.png\",\"width\":600,\"height\":450},{\"@type\":\"BreadcrumbList\",\"@id\":\"https:\\\/\\\/www.doebritz.de\\\/presse\\\/#breadcrumb\",\"itemListElement\":[{\"@type\":\"ListItem\",\"position\":1,\"name\":\"Home\",\"item\":\"https:\\\/\\\/www.doebritz.de\\\/\"},{\"@type\":\"ListItem\",\"position\":2,\"name\":\"Presse\"}]},{\"@type\":\"WebSite\",\"@id\":\"https:\\\/\\\/www.doebritz.de\\\/#website\",\"url\":\"https:\\\/\\\/www.doebritz.de\\\/\",\"name\":\"Auktionshaus D\u00f6britz\",\"description\":\"Frankfurt am Main\",\"alternateName\":\"doebritz.de\",\"potentialAction\":[{\"@type\":\"SearchAction\",\"target\":{\"@type\":\"EntryPoint\",\"urlTemplate\":\"https:\\\/\\\/www.doebritz.de\\\/?s={search_term_string}\"},\"query-input\":{\"@type\":\"PropertyValueSpecification\",\"valueRequired\":true,\"valueName\":\"search_term_string\"}}],\"inLanguage\":\"en-GB\"}]}<\/script>\n<!-- \/ Yoast SEO plugin. -->","yoast_head_json":{"title":"Press - Auktionshaus D\u00f6britz","description":"Kunst- und Auktionshaus D\u00f6britz: For over 55 years your auction house in Frankfurt am Main for MODERN and old art, paintings, prints, photography, icons, sculptures, tapestries, carpets, clocks, furniture, silver, porcelain and jewellery.","robots":{"index":"index","follow":"follow","max-snippet":"max-snippet:-1","max-image-preview":"max-image-preview:large","max-video-preview":"max-video-preview:-1"},"canonical":"https:\/\/www.doebritz.de\/en\/press\/","og_locale":"en_GB","og_type":"article","og_title":"Presse - Auktionshaus D\u00f6britz","og_description":"Kunst- und Auktionshaus D\u00f6britz: Seit \u00fcber 55 Jahren Ihr Auktionshaus in Frankfurt am Main f\u00fcr MODERNE und Alte Kunst, Gem\u00e4lde, Graphik, Fotografie, Ikonen, Skulpturen, Tapisserien, Teppiche, Uhren, M\u00f6bel, Silber, Porzellan und Schmuck.","og_url":"https:\/\/www.doebritz.de\/en\/press\/","og_site_name":"Auktionshaus D\u00f6britz","article_modified_time":"2020-04-06T09:08:25+00:00","og_image":[{"width":600,"height":450,"url":"https:\/\/www.doebritz.de\/wp-content\/uploads\/2015\/07\/doebritz.png","type":"image\/png"}],"twitter_card":"summary_large_image","twitter_misc":{"Estimated reading time":"1 minute"},"schema":{"@context":"https:\/\/schema.org","@graph":[{"@type":"WebPage","@id":"https:\/\/www.doebritz.de\/presse\/","url":"https:\/\/www.doebritz.de\/presse\/","name":"Press - Auktionshaus D\u00f6britz","isPartOf":{"@id":"https:\/\/www.doebritz.de\/#website"},"primaryImageOfPage":{"@id":"https:\/\/www.doebritz.de\/presse\/#primaryimage"},"image":{"@id":"https:\/\/www.doebritz.de\/presse\/#primaryimage"},"thumbnailUrl":"https:\/\/www.doebritz.de\/wp-content\/uploads\/2015\/07\/doebritz.png","datePublished":"2017-04-10T13:42:15+00:00","dateModified":"2020-04-06T09:08:25+00:00","description":"Kunst- und Auktionshaus D\u00f6britz: For over 55 years your auction house in Frankfurt am Main for MODERN and old art, paintings, prints, photography, icons, sculptures, tapestries, carpets, clocks, furniture, silver, porcelain and jewellery.","breadcrumb":{"@id":"https:\/\/www.doebritz.de\/presse\/#breadcrumb"},"inLanguage":"en-GB","potentialAction":[{"@type":"ReadAction","target":["https:\/\/www.doebritz.de\/presse\/"]}]},{"@type":"ImageObject","inLanguage":"en-GB","@id":"https:\/\/www.doebritz.de\/presse\/#primaryimage","url":"https:\/\/www.doebritz.de\/wp-content\/uploads\/2015\/07\/doebritz.png","contentUrl":"https:\/\/www.doebritz.de\/wp-content\/uploads\/2015\/07\/doebritz.png","width":600,"height":450},{"@type":"BreadcrumbList","@id":"https:\/\/www.doebritz.de\/presse\/#breadcrumb","itemListElement":[{"@type":"ListItem","position":1,"name":"Home","item":"https:\/\/www.doebritz.de\/"},{"@type":"ListItem","position":2,"name":"Presse"}]},{"@type":"WebSite","@id":"https:\/\/www.doebritz.de\/#website","url":"https:\/\/www.doebritz.de\/","name":"Auction house D\u00f6britz","description":"Frankfurt am Main","alternateName":"doebritz.de","potentialAction":[{"@type":"SearchAction","target":{"@type":"EntryPoint","urlTemplate":"https:\/\/www.doebritz.de\/?s={search_term_string}"},"query-input":{"@type":"PropertyValueSpecification","valueRequired":true,"valueName":"search_term_string"}}],"inLanguage":"en-GB"}]}},"_links":{"self":[{"href":"https:\/\/www.doebritz.de\/en\/wp-json\/wp\/v2\/pages\/1629","targetHints":{"allow":["GET"]}}],"collection":[{"href":"https:\/\/www.doebritz.de\/en\/wp-json\/wp\/v2\/pages"}],"about":[{"href":"https:\/\/www.doebritz.de\/en\/wp-json\/wp\/v2\/types\/page"}],"author":[{"embeddable":true,"href":"https:\/\/www.doebritz.de\/en\/wp-json\/wp\/v2\/users\/1"}],"replies":[{"embeddable":true,"href":"https:\/\/www.doebritz.de\/en\/wp-json\/wp\/v2\/comments?post=1629"}],"version-history":[{"count":1,"href":"https:\/\/www.doebritz.de\/en\/wp-json\/wp\/v2\/pages\/1629\/revisions"}],"predecessor-version":[{"id":2873,"href":"https:\/\/www.doebritz.de\/en\/wp-json\/wp\/v2\/pages\/1629\/revisions\/2873"}],"wp:featuredmedia":[{"embeddable":true,"href":"https:\/\/www.doebritz.de\/en\/wp-json\/wp\/v2\/media\/66"}],"wp:attachment":[{"href":"https:\/\/www.doebritz.de\/en\/wp-json\/wp\/v2\/media?parent=1629"}],"curies":[{"name":"wp","href":"https:\/\/api.w.org\/{rel}","templated":true}]}}