{"id":199,"date":"2015-07-27T19:23:21","date_gmt":"2015-07-27T17:23:21","guid":{"rendered":"http:\/\/doebritz.de\/?page_id=199"},"modified":"2026-03-02T10:02:04","modified_gmt":"2026-03-02T09:02:04","slug":"highlights","status":"publish","type":"page","link":"https:\/\/www.doebritz.de\/en\/highlights\/","title":{"rendered":"Highlights"},"content":{"rendered":"<div class=\"wpb-content-wrapper\"><div class=\"vc_row wpb_row vc_row-fluid dt-default\" style=\"margin-top: 0px;margin-bottom: 0px\"><div class=\"wpb_column vc_column_container vc_col-sm-2\"><div class=\"vc_column-inner\"><div class=\"wpb_wrapper\"><div  class=\"wpb_widgetised_column wpb_content_element sidebar-content\">\n\t\t<div class=\"wpb_wrapper\">\n\t\t\t\n\t\t\t<section id=\"nav_menu-4\" class=\"widget widget_nav_menu\"><div class=\"menu-ueber-uns-sub-container\"><ul id=\"menu-ueber-uns-sub\" class=\"menu\"><li id=\"menu-item-475\" class=\"menu-item menu-item-type-post_type menu-item-object-page menu-item-475\"><a href=\"https:\/\/www.doebritz.de\/en\/ueber_uns\/\">Tradition<\/a><\/li>\n<li id=\"menu-item-472\" class=\"menu-item menu-item-type-post_type menu-item-object-page menu-item-472\"><a href=\"https:\/\/www.doebritz.de\/en\/experten\/\">Experts<\/a><\/li>\n<li id=\"menu-item-473\" class=\"menu-item menu-item-type-post_type menu-item-object-page menu-item-473\"><a href=\"https:\/\/www.doebritz.de\/en\/highlights\/\">Highlights<\/a><\/li>\n<li id=\"menu-item-1655\" class=\"menu-item menu-item-type-post_type menu-item-object-page menu-item-1655\"><a href=\"https:\/\/www.doebritz.de\/en\/presse\/\">Press<\/a><\/li>\n<li id=\"menu-item-474\" class=\"menu-item menu-item-type-post_type menu-item-object-page menu-item-474\"><a href=\"https:\/\/www.doebritz.de\/en\/karriere\/\">Career<\/a><\/li>\n<\/ul><\/div><\/section>\n\t\t<\/div>\n\t<\/div>\n<\/div><\/div><\/div><div class=\"wpb_column vc_column_container vc_col-sm-10\"><div class=\"vc_column-inner\"><div class=\"wpb_wrapper\">\n\t<div class=\"wpb_text_column wpb_content_element\" >\n\t\t<div class=\"wpb_wrapper\">\n\t\t\t<h1>Here you will find highlights from the results of past auctions<\/h1>\n<p>Objects marked with*: without illustration due to image rights<\/p>\n\n\t\t<\/div>\n\t<\/div>\n<div class=\"vc_empty_space\"   style=\"height: 24px\"><span class=\"vc_empty_space_inner\"><\/span><\/div>\n<div class=\"vc_grid-container-wrapper vc_clearfix vc_grid-animation-none\">\n\t<div class=\"vc_grid-container vc_clearfix wpb_content_element vc_media_grid\" data-initial-loading-animation=\"none\" data-vc-grid-settings=\"{&quot;page_id&quot;:199,&quot;style&quot;:&quot;lazy&quot;,&quot;action&quot;:&quot;vc_get_vc_grid_data&quot;,&quot;shortcode_id&quot;:&quot;1772442007963-0e7792e8-4e24-4&quot;,&quot;items_per_page&quot;:&quot;120&quot;,&quot;tag&quot;:&quot;vc_media_grid&quot;}\" data-vc-request=\"https:\/\/www.doebritz.de\/wp-admin\/admin-ajax.php\" data-vc-post-id=\"199\" data-vc-public-nonce=\"2f7f40368b\">\n\t\t\n\t<\/div>\n<\/div>\n<div class=\"vc_grid-container-wrapper vc_clearfix vc_grid-animation-none\">\n\t<div class=\"vc_grid-container vc_clearfix wpb_content_element vc_media_grid\" data-initial-loading-animation=\"none\" data-vc-grid-settings=\"{&quot;page_id&quot;:199,&quot;style&quot;:&quot;all&quot;,&quot;action&quot;:&quot;vc_get_vc_grid_data&quot;,&quot;shortcode_id&quot;:&quot;1772442007965-faf7f134-cd7f-10&quot;,&quot;tag&quot;:&quot;vc_media_grid&quot;}\" data-vc-request=\"https:\/\/www.doebritz.de\/wp-admin\/admin-ajax.php\" data-vc-post-id=\"199\" data-vc-public-nonce=\"2f7f40368b\">\n\t\t\n\t<\/div>\n<\/div>\n<div class=\"vc_grid-container-wrapper vc_clearfix vc_grid-animation-none\">\n\t<div class=\"vc_grid-container vc_clearfix wpb_content_element vc_media_grid\" data-initial-loading-animation=\"none\" data-vc-grid-settings=\"{&quot;page_id&quot;:199,&quot;style&quot;:&quot;lazy&quot;,&quot;action&quot;:&quot;vc_get_vc_grid_data&quot;,&quot;shortcode_id&quot;:&quot;1772442007968-593d774b-b059-10&quot;,&quot;items_per_page&quot;:&quot;120&quot;,&quot;tag&quot;:&quot;vc_media_grid&quot;}\" data-vc-request=\"https:\/\/www.doebritz.de\/wp-admin\/admin-ajax.php\" data-vc-post-id=\"199\" data-vc-public-nonce=\"2f7f40368b\">\n\t\t\n\t<\/div>\n<\/div>\n<div class=\"vc_grid-container-wrapper vc_clearfix vc_grid-animation-none\">\n\t<div class=\"vc_grid-container vc_clearfix wpb_content_element vc_media_grid\" data-initial-loading-animation=\"none\" data-vc-grid-settings=\"{&quot;page_id&quot;:199,&quot;style&quot;:&quot;lazy&quot;,&quot;action&quot;:&quot;vc_get_vc_grid_data&quot;,&quot;shortcode_id&quot;:&quot;1772442007971-6000f2fb-948b-8&quot;,&quot;items_per_page&quot;:&quot;120&quot;,&quot;tag&quot;:&quot;vc_media_grid&quot;}\" data-vc-request=\"https:\/\/www.doebritz.de\/wp-admin\/admin-ajax.php\" data-vc-post-id=\"199\" data-vc-public-nonce=\"2f7f40368b\">\n\t\t\n\t<\/div>\n<\/div><\/div><\/div><\/div><\/div><div class=\"vc_row wpb_row vc_row-fluid dt-default\" style=\"margin-top: 0px;margin-bottom: 0px\"><div class=\"wpb_column vc_column_container vc_col-sm-12\"><div class=\"vc_column-inner\"><div class=\"wpb_wrapper\">\n\t<div class=\"wpb_text_column wpb_content_element\" >\n\t\t<div class=\"wpb_wrapper\">\n\t\t\t\n\t\t<\/div>\n\t<\/div>\n<\/div><\/div><\/div><\/div>\n<\/div>","protected":false},"excerpt":{"rendered":"<p>Tradition Experts Highlights Press Career Here you will find highlights from the results of past auctions Objects marked with*: without illustration due to image rights<\/p>","protected":false},"author":1,"featured_media":0,"parent":0,"menu_order":0,"comment_status":"closed","ping_status":"closed","template":"","meta":{"footnotes":""},"class_list":["post-199","page","type-page","status-publish","hentry","description-off"],"yoast_head":"<!-- This site is optimized with the Yoast SEO plugin v27.4 - https:\/\/yoast.com\/product\/yoast-seo-wordpress\/ -->\n<title>Highlights - Auktionshaus D\u00f6britz<\/title>\n<meta name=\"description\" content=\"Kunst- und Auktionshaus D\u00f6britz: Seit \u00fcber 55 Jahren Ihr Auktionshaus in Frankfurt am Main f\u00fcr MODERNE und Alte Kunst, Gem\u00e4lde, Graphik, Fotografie, Ikonen, Skulpturen, Tapisserien, Teppiche, Uhren, M\u00f6bel, Silber, Porzellan und Schmuck.\" \/>\n<meta name=\"robots\" content=\"index, follow, max-snippet:-1, max-image-preview:large, max-video-preview:-1\" \/>\n<link rel=\"canonical\" href=\"https:\/\/www.doebritz.de\/en\/highlights\/\" \/>\n<meta property=\"og:locale\" content=\"en_GB\" \/>\n<meta property=\"og:type\" content=\"article\" \/>\n<meta property=\"og:title\" content=\"Highlights - Auktionshaus D\u00f6britz\" \/>\n<meta property=\"og:description\" content=\"Kunst- und Auktionshaus D\u00f6britz: Seit \u00fcber 55 Jahren Ihr Auktionshaus in Frankfurt am Main f\u00fcr MODERNE und Alte Kunst, Gem\u00e4lde, Graphik, Fotografie, Ikonen, Skulpturen, Tapisserien, Teppiche, Uhren, M\u00f6bel, Silber, Porzellan und Schmuck.\" \/>\n<meta property=\"og:url\" content=\"https:\/\/www.doebritz.de\/en\/highlights\/\" \/>\n<meta property=\"og:site_name\" content=\"Auktionshaus D\u00f6britz\" \/>\n<meta property=\"article:modified_time\" content=\"2026-03-02T09:02:04+00:00\" \/>\n<meta name=\"twitter:card\" content=\"summary_large_image\" \/>\n<meta name=\"twitter:label1\" content=\"Estimated reading time\" \/>\n\t<meta name=\"twitter:data1\" content=\"39 minutes\" \/>\n<script type=\"application\/ld+json\" class=\"yoast-schema-graph\">{\"@context\":\"https:\\\/\\\/schema.org\",\"@graph\":[{\"@type\":\"WebPage\",\"@id\":\"https:\\\/\\\/www.doebritz.de\\\/highlights\\\/\",\"url\":\"https:\\\/\\\/www.doebritz.de\\\/highlights\\\/\",\"name\":\"Highlights - Auktionshaus D\u00f6britz\",\"isPartOf\":{\"@id\":\"https:\\\/\\\/www.doebritz.de\\\/#website\"},\"datePublished\":\"2015-07-27T17:23:21+00:00\",\"dateModified\":\"2026-03-02T09:02:04+00:00\",\"description\":\"Kunst- und Auktionshaus D\u00f6britz: Seit \u00fcber 55 Jahren Ihr Auktionshaus in Frankfurt am Main f\u00fcr MODERNE und Alte Kunst, Gem\u00e4lde, Graphik, Fotografie, Ikonen, Skulpturen, Tapisserien, Teppiche, Uhren, M\u00f6bel, Silber, Porzellan und Schmuck.\",\"breadcrumb\":{\"@id\":\"https:\\\/\\\/www.doebritz.de\\\/highlights\\\/#breadcrumb\"},\"inLanguage\":\"en-GB\",\"potentialAction\":[{\"@type\":\"ReadAction\",\"target\":[\"https:\\\/\\\/www.doebritz.de\\\/highlights\\\/\"]}]},{\"@type\":\"BreadcrumbList\",\"@id\":\"https:\\\/\\\/www.doebritz.de\\\/highlights\\\/#breadcrumb\",\"itemListElement\":[{\"@type\":\"ListItem\",\"position\":1,\"name\":\"Home\",\"item\":\"https:\\\/\\\/www.doebritz.de\\\/\"},{\"@type\":\"ListItem\",\"position\":2,\"name\":\"Highlights\"}]},{\"@type\":\"WebSite\",\"@id\":\"https:\\\/\\\/www.doebritz.de\\\/#website\",\"url\":\"https:\\\/\\\/www.doebritz.de\\\/\",\"name\":\"Auktionshaus D\u00f6britz\",\"description\":\"Frankfurt am Main\",\"alternateName\":\"doebritz.de\",\"potentialAction\":[{\"@type\":\"SearchAction\",\"target\":{\"@type\":\"EntryPoint\",\"urlTemplate\":\"https:\\\/\\\/www.doebritz.de\\\/?s={search_term_string}\"},\"query-input\":{\"@type\":\"PropertyValueSpecification\",\"valueRequired\":true,\"valueName\":\"search_term_string\"}}],\"inLanguage\":\"en-GB\"}]}<\/script>\n<!-- \/ Yoast SEO plugin. -->","yoast_head_json":{"title":"Highlights - Auktionshaus D\u00f6britz","description":"Kunst- und Auktionshaus D\u00f6britz: For over 55 years your auction house in Frankfurt am Main for MODERN and old art, paintings, prints, photography, icons, sculptures, tapestries, carpets, clocks, furniture, silver, porcelain and jewellery.","robots":{"index":"index","follow":"follow","max-snippet":"max-snippet:-1","max-image-preview":"max-image-preview:large","max-video-preview":"max-video-preview:-1"},"canonical":"https:\/\/www.doebritz.de\/en\/highlights\/","og_locale":"en_GB","og_type":"article","og_title":"Highlights - Auktionshaus D\u00f6britz","og_description":"Kunst- und Auktionshaus D\u00f6britz: Seit \u00fcber 55 Jahren Ihr Auktionshaus in Frankfurt am Main f\u00fcr MODERNE und Alte Kunst, Gem\u00e4lde, Graphik, Fotografie, Ikonen, Skulpturen, Tapisserien, Teppiche, Uhren, M\u00f6bel, Silber, Porzellan und Schmuck.","og_url":"https:\/\/www.doebritz.de\/en\/highlights\/","og_site_name":"Auktionshaus D\u00f6britz","article_modified_time":"2026-03-02T09:02:04+00:00","twitter_card":"summary_large_image","twitter_misc":{"Estimated reading time":"39 minutes"},"schema":{"@context":"https:\/\/schema.org","@graph":[{"@type":"WebPage","@id":"https:\/\/www.doebritz.de\/highlights\/","url":"https:\/\/www.doebritz.de\/highlights\/","name":"Highlights - Auktionshaus D\u00f6britz","isPartOf":{"@id":"https:\/\/www.doebritz.de\/#website"},"datePublished":"2015-07-27T17:23:21+00:00","dateModified":"2026-03-02T09:02:04+00:00","description":"Kunst- und Auktionshaus D\u00f6britz: For over 55 years your auction house in Frankfurt am Main for MODERN and old art, paintings, prints, photography, icons, sculptures, tapestries, carpets, clocks, furniture, silver, porcelain and jewellery.","breadcrumb":{"@id":"https:\/\/www.doebritz.de\/highlights\/#breadcrumb"},"inLanguage":"en-GB","potentialAction":[{"@type":"ReadAction","target":["https:\/\/www.doebritz.de\/highlights\/"]}]},{"@type":"BreadcrumbList","@id":"https:\/\/www.doebritz.de\/highlights\/#breadcrumb","itemListElement":[{"@type":"ListItem","position":1,"name":"Home","item":"https:\/\/www.doebritz.de\/"},{"@type":"ListItem","position":2,"name":"Highlights"}]},{"@type":"WebSite","@id":"https:\/\/www.doebritz.de\/#website","url":"https:\/\/www.doebritz.de\/","name":"Auction house D\u00f6britz","description":"Frankfurt am Main","alternateName":"doebritz.de","potentialAction":[{"@type":"SearchAction","target":{"@type":"EntryPoint","urlTemplate":"https:\/\/www.doebritz.de\/?s={search_term_string}"},"query-input":{"@type":"PropertyValueSpecification","valueRequired":true,"valueName":"search_term_string"}}],"inLanguage":"en-GB"}]}},"_links":{"self":[{"href":"https:\/\/www.doebritz.de\/en\/wp-json\/wp\/v2\/pages\/199","targetHints":{"allow":["GET"]}}],"collection":[{"href":"https:\/\/www.doebritz.de\/en\/wp-json\/wp\/v2\/pages"}],"about":[{"href":"https:\/\/www.doebritz.de\/en\/wp-json\/wp\/v2\/types\/page"}],"author":[{"embeddable":true,"href":"https:\/\/www.doebritz.de\/en\/wp-json\/wp\/v2\/users\/1"}],"replies":[{"embeddable":true,"href":"https:\/\/www.doebritz.de\/en\/wp-json\/wp\/v2\/comments?post=199"}],"version-history":[{"count":27,"href":"https:\/\/www.doebritz.de\/en\/wp-json\/wp\/v2\/pages\/199\/revisions"}],"predecessor-version":[{"id":5974,"href":"https:\/\/www.doebritz.de\/en\/wp-json\/wp\/v2\/pages\/199\/revisions\/5974"}],"wp:attachment":[{"href":"https:\/\/www.doebritz.de\/en\/wp-json\/wp\/v2\/media?parent=199"}],"curies":[{"name":"wp","href":"https:\/\/api.w.org\/{rel}","templated":true}]}}