{"id":216,"date":"2015-07-28T17:07:27","date_gmt":"2015-07-28T15:07:27","guid":{"rendered":"http:\/\/doebritz.de\/?page_id=216"},"modified":"2025-09-03T08:34:12","modified_gmt":"2025-09-03T06:34:12","slug":"imprint","status":"publish","type":"page","link":"https:\/\/www.doebritz.de\/en\/impressum\/","title":{"rendered":"Imprint"},"content":{"rendered":"<div class=\"wpb-content-wrapper\"><div class=\"vc_row wpb_row vc_row-fluid dt-default\" style=\"margin-top: 0px;margin-bottom: 0px\"><div class=\"wpb_column vc_column_container vc_col-sm-12\"><div class=\"vc_column-inner\"><div class=\"wpb_wrapper\">\n\t<div class=\"wpb_text_column wpb_content_element\" >\n\t\t<div class=\"wpb_wrapper\">\n\t\t\t<h1 class=\"doebritzstandard_fliesstext\"><span class=\"doebritz_subhead\"><b>Imprint<br \/>\n<\/b><\/span><\/h1>\n<p>Information according to \u00a7 5 DDG:<\/p>\n<h2 class=\"doebritzstandard_fliesstext\"><b><br \/>\n<\/b><span class=\"doebritzstandard\">Art and Auction House Wilhelm M. D\u00f6britz<\/span><\/h2>\n<p>Sworn and publicly appointed auctioneers<br \/>\nOwner: <strong>Anja D\u00f6britz-Berti e.K.<\/strong><\/p>\n<p>Braubachstrasse 10-12<br \/>\n60311 Frankfurt am Main<\/p>\n<p>Germany<\/p>\n<div class=\"gap\" style=\"line-height: 10px; height: 10px;\"><\/div>\n<p>Tel.: 0049 - (0)69 - 28 77 33 or 21 99 62 13<br \/>\nFax: 0049 - (0)69 - 21 99 76 03<\/p>\n<p>E-Mail:\u00a0kontakt@doebritz.de<\/p>\n<p><a href=\"http:\/\/\/en\/77ww.doebritz.de\/\">www.doebritz.de<\/a><\/p>\n<div class=\"gap\" style=\"line-height: 10px; height: 10px;\"><\/div>\n<p><strong>Seat of the business:<\/strong> Frankfurt am Main<br \/>\n<strong>Local court<\/strong>: Frankfurt am Main<br \/>\n<strong>HRA:<\/strong> 23042<br \/>\n<strong>Sales tax identification number<\/strong><strong>:\u00a0<\/strong>DE184306634<\/p>\n<div class=\"gap\" style=\"line-height: 10px; height: 10px;\"><\/div>\n<p><strong>Responsible for the content according to \u00a7 55 Abs. 2 RStV: <\/strong>Anja D\u00f6britz-Berti e.K.<br \/>\n<strong>Website editorial office:<\/strong> Wilhelm M. D\u00f6britz art and auction house, <a class=\"doebritzstandard\" href=\"mailto:kontakt@doebritz.de\">Anja D\u00f6britz-Berti e.K.<\/a><br \/>\n<span class=\"doebritzstandard\"><strong>Website concept, design &amp; programming:<\/strong>\u00a0<a class=\"doebritzstandard\" href=\"https:\/\/www.studioaugustin.de\" target=\"_blank\" rel=\"noopener noreferrer\">studioaugustin.de<\/a><\/span><\/p>\n<div class=\"gap\" style=\"line-height: 10px; height: 10px;\"><\/div>\n<p>&nbsp;<\/p>\n<p><strong>Bank details:<br \/>\n<\/strong>Frankfurter Volksbank<br \/>\nAccount number 202932<br \/>\nSORT CODE 501 900 00<br \/>\nSwift code FFVBDEFF<br \/>\nIBAN DE93 5019 0000 0000 2029 32<\/p>\n\n\t\t<\/div>\n\t<\/div>\n<\/div><\/div><\/div><\/div>\n<\/div>","protected":false},"excerpt":{"rendered":"<p>Imprint Information according to \u00a7 5 DDG: Kunst-und Auktionshaus Wilhelm M. D\u00f6britz Vereidigte und \u00f6ffentlich bestellte Auktionatoren Owner: Anja D\u00f6britz-Berti e.K. Braubachstrasse 10-12 60311 Frankfurt am Main Germany Phone: 0049 - (0)69 - 28 77 33 or 21 99 62 13 Fax: 0049 - (0)69 - 21 99 76 03 E-Mail: kontakt@doebritz.de www.doebritz.de Registered office: Frankfurt...<\/p>","protected":false},"author":1,"featured_media":0,"parent":0,"menu_order":0,"comment_status":"closed","ping_status":"closed","template":"","meta":{"footnotes":""},"class_list":["post-216","page","type-page","status-publish","hentry","description-off"],"yoast_head":"<!-- This site is optimized with the Yoast SEO plugin v27.4 - https:\/\/yoast.com\/product\/yoast-seo-wordpress\/ -->\n<title>Impressum - Auktionshaus D\u00f6britz<\/title>\n<meta name=\"description\" content=\"Kunst- und Auktionshaus D\u00f6britz: Seit \u00fcber 55 Jahren Ihr Auktionshaus in Frankfurt am Main f\u00fcr MODERNE und Alte Kunst, Gem\u00e4lde, Graphik, Fotografie, Ikonen, Skulpturen, Tapisserien, Teppiche, Uhren, M\u00f6bel, Silber, Porzellan und Schmuck.\" \/>\n<meta name=\"robots\" content=\"index, follow, max-snippet:-1, max-image-preview:large, max-video-preview:-1\" \/>\n<link rel=\"canonical\" href=\"https:\/\/www.doebritz.de\/en\/imprint\/\" \/>\n<meta property=\"og:locale\" content=\"en_GB\" \/>\n<meta property=\"og:type\" content=\"article\" \/>\n<meta property=\"og:title\" content=\"Impressum - Auktionshaus D\u00f6britz\" \/>\n<meta property=\"og:description\" content=\"Kunst- und Auktionshaus D\u00f6britz: Seit \u00fcber 55 Jahren Ihr Auktionshaus in Frankfurt am Main f\u00fcr MODERNE und Alte Kunst, Gem\u00e4lde, Graphik, Fotografie, Ikonen, Skulpturen, Tapisserien, Teppiche, Uhren, M\u00f6bel, Silber, Porzellan und Schmuck.\" \/>\n<meta property=\"og:url\" content=\"https:\/\/www.doebritz.de\/en\/imprint\/\" \/>\n<meta property=\"og:site_name\" content=\"Auktionshaus D\u00f6britz\" \/>\n<meta property=\"article:modified_time\" content=\"2025-09-03T06:34:12+00:00\" \/>\n<meta name=\"twitter:card\" content=\"summary_large_image\" \/>\n<meta name=\"twitter:label1\" content=\"Estimated reading time\" \/>\n\t<meta name=\"twitter:data1\" content=\"1 minute\" \/>\n<script type=\"application\/ld+json\" class=\"yoast-schema-graph\">{\"@context\":\"https:\\\/\\\/schema.org\",\"@graph\":[{\"@type\":\"WebPage\",\"@id\":\"https:\\\/\\\/www.doebritz.de\\\/impressum\\\/\",\"url\":\"https:\\\/\\\/www.doebritz.de\\\/impressum\\\/\",\"name\":\"Impressum - Auktionshaus D\u00f6britz\",\"isPartOf\":{\"@id\":\"https:\\\/\\\/www.doebritz.de\\\/#website\"},\"datePublished\":\"2015-07-28T15:07:27+00:00\",\"dateModified\":\"2025-09-03T06:34:12+00:00\",\"description\":\"Kunst- und Auktionshaus D\u00f6britz: Seit \u00fcber 55 Jahren Ihr Auktionshaus in Frankfurt am Main f\u00fcr MODERNE und Alte Kunst, Gem\u00e4lde, Graphik, Fotografie, Ikonen, Skulpturen, Tapisserien, Teppiche, Uhren, M\u00f6bel, Silber, Porzellan und Schmuck.\",\"breadcrumb\":{\"@id\":\"https:\\\/\\\/www.doebritz.de\\\/impressum\\\/#breadcrumb\"},\"inLanguage\":\"en-GB\",\"potentialAction\":[{\"@type\":\"ReadAction\",\"target\":[\"https:\\\/\\\/www.doebritz.de\\\/impressum\\\/\"]}]},{\"@type\":\"BreadcrumbList\",\"@id\":\"https:\\\/\\\/www.doebritz.de\\\/impressum\\\/#breadcrumb\",\"itemListElement\":[{\"@type\":\"ListItem\",\"position\":1,\"name\":\"Home\",\"item\":\"https:\\\/\\\/www.doebritz.de\\\/\"},{\"@type\":\"ListItem\",\"position\":2,\"name\":\"Impressum\"}]},{\"@type\":\"WebSite\",\"@id\":\"https:\\\/\\\/www.doebritz.de\\\/#website\",\"url\":\"https:\\\/\\\/www.doebritz.de\\\/\",\"name\":\"Auktionshaus D\u00f6britz\",\"description\":\"Frankfurt am Main\",\"alternateName\":\"doebritz.de\",\"potentialAction\":[{\"@type\":\"SearchAction\",\"target\":{\"@type\":\"EntryPoint\",\"urlTemplate\":\"https:\\\/\\\/www.doebritz.de\\\/?s={search_term_string}\"},\"query-input\":{\"@type\":\"PropertyValueSpecification\",\"valueRequired\":true,\"valueName\":\"search_term_string\"}}],\"inLanguage\":\"en-GB\"}]}<\/script>\n<!-- \/ Yoast SEO plugin. -->","yoast_head_json":{"title":"Imprint - Auktionshaus D\u00f6britz","description":"Kunst- und Auktionshaus D\u00f6britz: For over 55 years your auction house in Frankfurt am Main for MODERN and old art, paintings, prints, photography, icons, sculptures, tapestries, carpets, clocks, furniture, silver, porcelain and jewellery.","robots":{"index":"index","follow":"follow","max-snippet":"max-snippet:-1","max-image-preview":"max-image-preview:large","max-video-preview":"max-video-preview:-1"},"canonical":"https:\/\/www.doebritz.de\/en\/imprint\/","og_locale":"en_GB","og_type":"article","og_title":"Impressum - Auktionshaus D\u00f6britz","og_description":"Kunst- und Auktionshaus D\u00f6britz: Seit \u00fcber 55 Jahren Ihr Auktionshaus in Frankfurt am Main f\u00fcr MODERNE und Alte Kunst, Gem\u00e4lde, Graphik, Fotografie, Ikonen, Skulpturen, Tapisserien, Teppiche, Uhren, M\u00f6bel, Silber, Porzellan und Schmuck.","og_url":"https:\/\/www.doebritz.de\/en\/imprint\/","og_site_name":"Auktionshaus D\u00f6britz","article_modified_time":"2025-09-03T06:34:12+00:00","twitter_card":"summary_large_image","twitter_misc":{"Estimated reading time":"1 minute"},"schema":{"@context":"https:\/\/schema.org","@graph":[{"@type":"WebPage","@id":"https:\/\/www.doebritz.de\/impressum\/","url":"https:\/\/www.doebritz.de\/impressum\/","name":"Imprint - Auktionshaus D\u00f6britz","isPartOf":{"@id":"https:\/\/www.doebritz.de\/#website"},"datePublished":"2015-07-28T15:07:27+00:00","dateModified":"2025-09-03T06:34:12+00:00","description":"Kunst- und Auktionshaus D\u00f6britz: For over 55 years your auction house in Frankfurt am Main for MODERN and old art, paintings, prints, photography, icons, sculptures, tapestries, carpets, clocks, furniture, silver, porcelain and jewellery.","breadcrumb":{"@id":"https:\/\/www.doebritz.de\/impressum\/#breadcrumb"},"inLanguage":"en-GB","potentialAction":[{"@type":"ReadAction","target":["https:\/\/www.doebritz.de\/impressum\/"]}]},{"@type":"BreadcrumbList","@id":"https:\/\/www.doebritz.de\/impressum\/#breadcrumb","itemListElement":[{"@type":"ListItem","position":1,"name":"Home","item":"https:\/\/www.doebritz.de\/"},{"@type":"ListItem","position":2,"name":"Impressum"}]},{"@type":"WebSite","@id":"https:\/\/www.doebritz.de\/#website","url":"https:\/\/www.doebritz.de\/","name":"Auction house D\u00f6britz","description":"Frankfurt am Main","alternateName":"doebritz.de","potentialAction":[{"@type":"SearchAction","target":{"@type":"EntryPoint","urlTemplate":"https:\/\/www.doebritz.de\/?s={search_term_string}"},"query-input":{"@type":"PropertyValueSpecification","valueRequired":true,"valueName":"search_term_string"}}],"inLanguage":"en-GB"}]}},"_links":{"self":[{"href":"https:\/\/www.doebritz.de\/en\/wp-json\/wp\/v2\/pages\/216","targetHints":{"allow":["GET"]}}],"collection":[{"href":"https:\/\/www.doebritz.de\/en\/wp-json\/wp\/v2\/pages"}],"about":[{"href":"https:\/\/www.doebritz.de\/en\/wp-json\/wp\/v2\/types\/page"}],"author":[{"embeddable":true,"href":"https:\/\/www.doebritz.de\/en\/wp-json\/wp\/v2\/users\/1"}],"replies":[{"embeddable":true,"href":"https:\/\/www.doebritz.de\/en\/wp-json\/wp\/v2\/comments?post=216"}],"version-history":[{"count":4,"href":"https:\/\/www.doebritz.de\/en\/wp-json\/wp\/v2\/pages\/216\/revisions"}],"predecessor-version":[{"id":5705,"href":"https:\/\/www.doebritz.de\/en\/wp-json\/wp\/v2\/pages\/216\/revisions\/5705"}],"wp:attachment":[{"href":"https:\/\/www.doebritz.de\/en\/wp-json\/wp\/v2\/media?parent=216"}],"curies":[{"name":"wp","href":"https:\/\/api.w.org\/{rel}","templated":true}]}}