{"id":2925,"date":"2020-04-21T19:58:31","date_gmt":"2020-04-21T17:58:31","guid":{"rendered":"https:\/\/www.doebritz.de\/?page_id=2925"},"modified":"2020-04-21T20:39:56","modified_gmt":"2020-04-21T18:39:56","slug":"mandatory-information","status":"publish","type":"page","link":"https:\/\/www.doebritz.de\/en\/pflichtinformationen\/","title":{"rendered":"E-mail information"},"content":{"rendered":"<div class=\"wpb-content-wrapper\"><div class=\"vc_row wpb_row vc_row-fluid dt-default\" style=\"margin-top: 0px;margin-bottom: 0px\"><div class=\"wpb_column vc_column_container vc_col-sm-12\"><div class=\"vc_column-inner\"><div class=\"wpb_wrapper\">\n\t<div class=\"wpb_text_column wpb_content_element\" >\n\t\t<div class=\"wpb_wrapper\">\n\t\t\t<h2>Mandatory information pursuant to Article 13 GDPR<\/h2>\n<p>In the event of initial contact, we are obliged to provide you with the following mandatory data protection information in accordance with Art. 12, 13 GDPR:<\/p>\n<p>If you contact us by email, we will only process your personal data if there is a legitimate interest in the processing (Art. 6 para. 1 lit. f GDPR), you have consented to the data processing (Art. 6 para. 1 lit. a GDPR), the processing is necessary for the initiation, establishment, content or amendment of a legal relationship between you and us (Art. 6 para. 1 lit. b GDPR) or another legal standard authorises the processing. Your personal data will remain with us until you ask us to delete it, revoke your consent to storage or the purpose for data storage no longer applies (e.g. after your request has been processed). Mandatory statutory provisions - in particular retention periods under tax and commercial law - remain unaffected. You have the right to receive information about the origin, recipient and purpose of your stored personal data free of charge at any time. You also have the right to object, the right to data portability and the right to lodge a complaint with the competent supervisory authority. Furthermore, you can request the rectification, erasure and, under certain circumstances, the restriction of the processing of your personal data. Details can be found in our privacy policy.<\/p>\n\n\t\t<\/div>\n\t<\/div>\n<\/div><\/div><\/div><\/div>\n<\/div>","protected":false},"excerpt":{"rendered":"<p>Mandatory Information in Accordance with Article 13 GDPR In the event of initial contact, we are obliged to provide you with the following mandatory data protection information in accordance with Art. 12, 13 GDPR: If you contact us by e-mail, we will only process your personal data to the extent that there is a legitimate interest in the processing (Art. 6(1)(f) GDPR), you consent to the\u2026<\/p>","protected":false},"author":1,"featured_media":0,"parent":0,"menu_order":0,"comment_status":"closed","ping_status":"closed","template":"","meta":{"footnotes":""},"class_list":["post-2925","page","type-page","status-publish","hentry","description-off"],"yoast_head":"<!-- This site is optimized with the Yoast SEO plugin v27.5 - https:\/\/yoast.com\/product\/yoast-seo-wordpress\/ -->\n<title>E-Mail-Informationen - Auktionshaus D\u00f6britz<\/title>\n<meta name=\"description\" content=\"Kunst- und Auktionshaus D\u00f6britz: Seit \u00fcber 55 Jahren Ihr Auktionshaus in Frankfurt am Main f\u00fcr MODERNE und Alte Kunst, Gem\u00e4lde, Graphik, Fotografie, Ikonen, Skulpturen, Tapisserien, Teppiche, Uhren, M\u00f6bel, Silber, Porzellan und Schmuck.\" \/>\n<meta name=\"robots\" content=\"noindex, nofollow\" \/>\n<meta property=\"og:locale\" content=\"en_GB\" \/>\n<meta property=\"og:type\" content=\"article\" \/>\n<meta property=\"og:title\" content=\"E-Mail-Informationen - Auktionshaus D\u00f6britz\" \/>\n<meta property=\"og:description\" content=\"Kunst- und Auktionshaus D\u00f6britz: Seit \u00fcber 55 Jahren Ihr Auktionshaus in Frankfurt am Main f\u00fcr MODERNE und Alte Kunst, Gem\u00e4lde, Graphik, Fotografie, Ikonen, Skulpturen, Tapisserien, Teppiche, Uhren, M\u00f6bel, Silber, Porzellan und Schmuck.\" \/>\n<meta property=\"og:url\" content=\"https:\/\/www.doebritz.de\/en\/mandatory-information\/\" \/>\n<meta property=\"og:site_name\" content=\"Auktionshaus D\u00f6britz\" \/>\n<meta property=\"article:modified_time\" content=\"2020-04-21T18:39:56+00:00\" \/>\n<meta name=\"twitter:card\" content=\"summary_large_image\" \/>\n<meta name=\"twitter:label1\" content=\"Estimated reading time\" \/>\n\t<meta name=\"twitter:data1\" content=\"1 minute\" \/>\n<script type=\"application\/ld+json\" class=\"yoast-schema-graph\">{\"@context\":\"https:\\\/\\\/schema.org\",\"@graph\":[{\"@type\":\"WebPage\",\"@id\":\"https:\\\/\\\/www.doebritz.de\\\/pflichtinformationen\\\/\",\"url\":\"https:\\\/\\\/www.doebritz.de\\\/pflichtinformationen\\\/\",\"name\":\"E-Mail-Informationen - Auktionshaus D\u00f6britz\",\"isPartOf\":{\"@id\":\"https:\\\/\\\/www.doebritz.de\\\/#website\"},\"datePublished\":\"2020-04-21T17:58:31+00:00\",\"dateModified\":\"2020-04-21T18:39:56+00:00\",\"description\":\"Kunst- und Auktionshaus D\u00f6britz: Seit \u00fcber 55 Jahren Ihr Auktionshaus in Frankfurt am Main f\u00fcr MODERNE und Alte Kunst, Gem\u00e4lde, Graphik, Fotografie, Ikonen, Skulpturen, Tapisserien, Teppiche, Uhren, M\u00f6bel, Silber, Porzellan und Schmuck.\",\"breadcrumb\":{\"@id\":\"https:\\\/\\\/www.doebritz.de\\\/pflichtinformationen\\\/#breadcrumb\"},\"inLanguage\":\"en-GB\",\"potentialAction\":[{\"@type\":\"ReadAction\",\"target\":[\"https:\\\/\\\/www.doebritz.de\\\/pflichtinformationen\\\/\"]}]},{\"@type\":\"BreadcrumbList\",\"@id\":\"https:\\\/\\\/www.doebritz.de\\\/pflichtinformationen\\\/#breadcrumb\",\"itemListElement\":[{\"@type\":\"ListItem\",\"position\":1,\"name\":\"Home\",\"item\":\"https:\\\/\\\/www.doebritz.de\\\/\"},{\"@type\":\"ListItem\",\"position\":2,\"name\":\"E-Mail-Informationen\"}]},{\"@type\":\"WebSite\",\"@id\":\"https:\\\/\\\/www.doebritz.de\\\/#website\",\"url\":\"https:\\\/\\\/www.doebritz.de\\\/\",\"name\":\"Auktionshaus D\u00f6britz\",\"description\":\"Frankfurt am Main\",\"alternateName\":\"doebritz.de\",\"potentialAction\":[{\"@type\":\"SearchAction\",\"target\":{\"@type\":\"EntryPoint\",\"urlTemplate\":\"https:\\\/\\\/www.doebritz.de\\\/?s={search_term_string}\"},\"query-input\":{\"@type\":\"PropertyValueSpecification\",\"valueRequired\":true,\"valueName\":\"search_term_string\"}}],\"inLanguage\":\"en-GB\"}]}<\/script>\n<!-- \/ Yoast SEO plugin. -->","yoast_head_json":{"title":"E-mail information - Auktionshaus D\u00f6britz","description":"Kunst- und Auktionshaus D\u00f6britz: For over 55 years your auction house in Frankfurt am Main for MODERN and old art, paintings, prints, photography, icons, sculptures, tapestries, carpets, clocks, furniture, silver, porcelain and jewellery.","robots":{"index":"noindex","follow":"nofollow"},"og_locale":"en_GB","og_type":"article","og_title":"E-Mail-Informationen - Auktionshaus D\u00f6britz","og_description":"Kunst- und Auktionshaus D\u00f6britz: Seit \u00fcber 55 Jahren Ihr Auktionshaus in Frankfurt am Main f\u00fcr MODERNE und Alte Kunst, Gem\u00e4lde, Graphik, Fotografie, Ikonen, Skulpturen, Tapisserien, Teppiche, Uhren, M\u00f6bel, Silber, Porzellan und Schmuck.","og_url":"https:\/\/www.doebritz.de\/en\/mandatory-information\/","og_site_name":"Auktionshaus D\u00f6britz","article_modified_time":"2020-04-21T18:39:56+00:00","twitter_card":"summary_large_image","twitter_misc":{"Estimated reading time":"1 minute"},"schema":{"@context":"https:\/\/schema.org","@graph":[{"@type":"WebPage","@id":"https:\/\/www.doebritz.de\/pflichtinformationen\/","url":"https:\/\/www.doebritz.de\/pflichtinformationen\/","name":"E-mail information - Auktionshaus D\u00f6britz","isPartOf":{"@id":"https:\/\/www.doebritz.de\/#website"},"datePublished":"2020-04-21T17:58:31+00:00","dateModified":"2020-04-21T18:39:56+00:00","description":"Kunst- und Auktionshaus D\u00f6britz: For over 55 years your auction house in Frankfurt am Main for MODERN and old art, paintings, prints, photography, icons, sculptures, tapestries, carpets, clocks, furniture, silver, porcelain and jewellery.","breadcrumb":{"@id":"https:\/\/www.doebritz.de\/pflichtinformationen\/#breadcrumb"},"inLanguage":"en-GB","potentialAction":[{"@type":"ReadAction","target":["https:\/\/www.doebritz.de\/pflichtinformationen\/"]}]},{"@type":"BreadcrumbList","@id":"https:\/\/www.doebritz.de\/pflichtinformationen\/#breadcrumb","itemListElement":[{"@type":"ListItem","position":1,"name":"Home","item":"https:\/\/www.doebritz.de\/"},{"@type":"ListItem","position":2,"name":"E-Mail-Informationen"}]},{"@type":"WebSite","@id":"https:\/\/www.doebritz.de\/#website","url":"https:\/\/www.doebritz.de\/","name":"Auction house D\u00f6britz","description":"Frankfurt am Main","alternateName":"doebritz.de","potentialAction":[{"@type":"SearchAction","target":{"@type":"EntryPoint","urlTemplate":"https:\/\/www.doebritz.de\/?s={search_term_string}"},"query-input":{"@type":"PropertyValueSpecification","valueRequired":true,"valueName":"search_term_string"}}],"inLanguage":"en-GB"}]}},"_links":{"self":[{"href":"https:\/\/www.doebritz.de\/en\/wp-json\/wp\/v2\/pages\/2925","targetHints":{"allow":["GET"]}}],"collection":[{"href":"https:\/\/www.doebritz.de\/en\/wp-json\/wp\/v2\/pages"}],"about":[{"href":"https:\/\/www.doebritz.de\/en\/wp-json\/wp\/v2\/types\/page"}],"author":[{"embeddable":true,"href":"https:\/\/www.doebritz.de\/en\/wp-json\/wp\/v2\/users\/1"}],"replies":[{"embeddable":true,"href":"https:\/\/www.doebritz.de\/en\/wp-json\/wp\/v2\/comments?post=2925"}],"version-history":[{"count":4,"href":"https:\/\/www.doebritz.de\/en\/wp-json\/wp\/v2\/pages\/2925\/revisions"}],"predecessor-version":[{"id":2996,"href":"https:\/\/www.doebritz.de\/en\/wp-json\/wp\/v2\/pages\/2925\/revisions\/2996"}],"wp:attachment":[{"href":"https:\/\/www.doebritz.de\/en\/wp-json\/wp\/v2\/media?parent=2925"}],"curies":[{"name":"wp","href":"https:\/\/api.w.org\/{rel}","templated":true}]}}