{"id":89,"date":"2015-07-23T11:46:27","date_gmt":"2015-07-23T09:46:27","guid":{"rendered":"http:\/\/doebritz.de\/?page_id=89"},"modified":"2022-10-21T23:17:49","modified_gmt":"2022-10-21T21:17:49","slug":"auction-conditions","status":"publish","type":"page","link":"https:\/\/www.doebritz.de\/en\/auktionsbedingungen\/","title":{"rendered":"Auction conditions"},"content":{"rendered":"<div class=\"wpb-content-wrapper\"><div class=\"vc_row wpb_row vc_row-fluid dt-default\" style=\"margin-top: 0px;margin-bottom: 0px\"><div class=\"wpb_column vc_column_container vc_col-sm-3\"><div class=\"vc_column-inner\"><div class=\"wpb_wrapper\"><div  class=\"wpb_widgetised_column wpb_content_element sidebar-content dsidebar\">\n\t\t<div class=\"wpb_wrapper\">\n\t\t\t\n\t\t\t<section id=\"nav_menu-3\" class=\"widget widget_nav_menu\"><div class=\"menu-kue-sub-container\"><ul id=\"menu-kue-sub\" class=\"menu\"><li id=\"menu-item-471\" class=\"menu-item menu-item-type-post_type menu-item-object-page menu-item-471\"><a href=\"https:\/\/www.doebritz.de\/en\/kaufen\/\">Buy<\/a><\/li>\n<li id=\"menu-item-2887\" class=\"menu-item menu-item-type-post_type menu-item-object-page menu-item-2887\"><a href=\"https:\/\/www.doebritz.de\/en\/freihandverkauf\/\">Direct Sale<\/a><\/li>\n<li id=\"menu-item-470\" class=\"menu-item menu-item-type-post_type menu-item-object-page menu-item-470\"><a href=\"https:\/\/www.doebritz.de\/en\/einliefern\/\">Consign<\/a><\/li>\n<li id=\"menu-item-468\" class=\"menu-item menu-item-type-post_type menu-item-object-page menu-item-468\"><a href=\"https:\/\/www.doebritz.de\/en\/auktionsbedingungen\/\">Auction conditions<\/a><\/li>\n<\/ul><\/div><\/section>\n\t\t<\/div>\n\t<\/div>\n<\/div><\/div><\/div><div class=\"wpb_column vc_column_container vc_col-sm-9\"><div class=\"vc_column-inner\"><div class=\"wpb_wrapper\">\n\t<div class=\"wpb_text_column wpb_content_element\" >\n\t\t<div class=\"wpb_wrapper\">\n\t\t\t<h1 class=\"doebritzstandard_fliesstext\"><span class=\"doebritzstandard_fliesstext\">Kunst- und Auktionshaus D\u00f6britz: Conditions of Sale<b><br \/>\n<\/b><\/span><\/h1>\n<p>&nbsp;<\/p>\n<p class=\"doebritzstandard_fliesstext\"><span class=\"doebritzstandard_fliesstext\">1. the auctioneer auctions in the name and for the account of the client.<\/span><\/p>\n<p class=\"doebritzstandard_fliesstext\"><span class=\"doebritzstandard_fliesstext\">2. the auctioneer reserves the right to combine or separate lots in the catalogue and, if there is a special reason, to offer or withdraw lots out of sequence.<\/span><\/p>\n<p class=\"doebritzstandard_fliesstext\"><span class=\"doebritzstandard_fliesstext\">3. all items to be auctioned can be inspected and examined prior to the auction. The items are used. The auctioneer assumes no liability for defects; he declares that he is prepared to notify the consigner, if possible, of any justified complaints about the purchase made in good time within the legal warranty period. Complaints directed against the auctioneer cannot be considered after the knockdown.<\/span><\/p>\n<p class=\"doebritzstandard_fliesstext\"><span class=\"doebritzstandard_fliesstext\">4. the knockdown shall be awarded if no overbid is submitted after a bid has been called three times. The Auctioneer may reserve the right to accept or refuse to accept the bid as representative of the Consigner.<\/span><\/p>\n<p class=\"doebritzstandard_fliesstext\"><span class=\"doebritzstandard_fliesstext\">If several persons submit the same bid at the same time and no overbid is made after three calls, the knockdown shall be decided by drawing lots. The auctioneer is authorised to withdraw the knockdown and to offer the item again if a higher bid submitted in good time has been overlooked by mistake or if there is any other doubt about the knockdown (\u00a72 clause 4 VerstV).<\/span><\/p>\n<p class=\"doebritzstandard_fliesstext\"><span class=\"doebritzstandard_fliesstext\">5 The acceptance of the bid obliges the bidder to take delivery. Upon acceptance of the bid, possession and risk of the auctioned item shall pass directly to the successful bidder; ownership shall not pass until payment has been received in full.<\/span><\/p>\n<p class=\"doebritzstandard_fliesstext\"><span class=\"doebritzstandard_fliesstext\">6. the buyer must pay the hammer price plus 26% buyer\u2019s premium to the auctioneer in cash immediately after the hammer falls; later or non-cash payment is only permitted with the auctioneer\u2019s agreement.<br \/>\nInvoices issued during or immediately after the sale require special verification and possible correction due to overloading of the accounts. Errors excepted.<\/span><\/p>\n<p class=\"doebritzstandard_fliesstext\"><span class=\"doebritzstandard_fliesstext\">7. if payment is not made immediately to the Auctioneer or acceptance of the knocked down item is refused, the item shall not be handed over to the Buyer; the Buyer shall instead forfeit his rights arising from the knockdown and the item shall be auctioned again at his expense. In this case, the buyer shall be liable for the loss, but shall have no claim to the additional proceeds and shall not be admitted to a further bid.<\/span><\/p>\n<p class=\"doebritzstandard_fliesstext\"><span class=\"doebritzstandard_fliesstext\">8. the auctioned items must be collected within three days, otherwise the items will be handed over to a forwarding agent for storage at the buyer\u2019s expense and risk. The auctioneer accepts no liability for any damage to or loss of the items. All storage and transport shall be at the risk and expense of the buyer.<\/span><\/p>\n<p class=\"doebritzstandard_fliesstext\"><span class=\"doebritzstandard_fliesstext\">9. the Auctioneer may collect and sue for any outstanding funds, purchase price arrears and secondary payments in his own name. The auctioneer\u2019s registered office shall be the place of jurisdiction and place of fulfilment for all obligations of the buyer.<\/span><\/p>\n<p class=\"doebritzstandard_fliesstext\"><span class=\"doebritzstandard_fliesstext\">10. by submitting a bid or placing a written order, the buyer recognizes the auction conditions.<\/span>Written bids must be received by the Auctioneer at least 24 hours before the auction, otherwise their fulfilment cannot be guaranteed. This also applies to bids submitted by email.<\/p>\n<p class=\"doebritzstandard_fliesstext\"><div class=\"gap\" style=\"line-height: 10px; height: 10px;\"><\/div>\n<p class=\"doebritzstandard_fliesstext\"><a href=\"https:\/\/www.doebritz.de\/wp-content\/uploads\/Auktionsbedingungen-Kunst-und-Auktionshaus-Doebritz-1.pdf\" class=\"btn-shortcode dt-btn-s dt-btn default-btn-color default-btn-hover-color default-btn-bg-color default-btn-bg-hover-color\" target=\"_blank\" id=\"dt-btn-1\" rel=\"noopener\"><span>Auction Conditions as PDF (german)<\/span><\/a><\/p>\n\n\t\t<\/div>\n\t<\/div>\n<\/div><\/div><\/div><\/div>\n<\/div>","protected":false},"excerpt":{"rendered":"<p>Auction conditions Art and Auction House D\u00f6britz: Auction conditions 1. the auctioneer auctions in the name and for the account of the client. 2. the auctioneer reserves the right to combine or separate lots in the catalogue and, if there is a special reason, to offer or withdraw lots out of sequence. 3. all items to be auctioned may be...<\/p>","protected":false},"author":1,"featured_media":0,"parent":0,"menu_order":0,"comment_status":"closed","ping_status":"closed","template":"","meta":{"footnotes":""},"class_list":["post-89","page","type-page","status-publish","hentry","description-off"],"yoast_head":"<!-- This site is optimized with the Yoast SEO plugin v27.4 - https:\/\/yoast.com\/product\/yoast-seo-wordpress\/ -->\n<title>Auktionsbedingungen - Auktionshaus D\u00f6britz<\/title>\n<meta name=\"description\" content=\"Kunst- und Auktionshaus D\u00f6britz: Seit \u00fcber 55 Jahren Ihr Auktionshaus in Frankfurt am Main f\u00fcr MODERNE und Alte Kunst, Gem\u00e4lde, Graphik, Fotografie, Ikonen, Skulpturen, Tapisserien, Teppiche, Uhren, M\u00f6bel, Silber, Porzellan und Schmuck.\" \/>\n<meta name=\"robots\" content=\"index, follow, max-snippet:-1, max-image-preview:large, max-video-preview:-1\" \/>\n<link rel=\"canonical\" href=\"https:\/\/www.doebritz.de\/en\/auction-conditions\/\" \/>\n<meta property=\"og:locale\" content=\"en_GB\" \/>\n<meta property=\"og:type\" content=\"article\" \/>\n<meta property=\"og:title\" content=\"Auktionsbedingungen - Auktionshaus D\u00f6britz\" \/>\n<meta property=\"og:description\" content=\"Kunst- und Auktionshaus D\u00f6britz: Seit \u00fcber 55 Jahren Ihr Auktionshaus in Frankfurt am Main f\u00fcr MODERNE und Alte Kunst, Gem\u00e4lde, Graphik, Fotografie, Ikonen, Skulpturen, Tapisserien, Teppiche, Uhren, M\u00f6bel, Silber, Porzellan und Schmuck.\" \/>\n<meta property=\"og:url\" content=\"https:\/\/www.doebritz.de\/en\/auction-conditions\/\" \/>\n<meta property=\"og:site_name\" content=\"Auktionshaus D\u00f6britz\" \/>\n<meta property=\"article:modified_time\" content=\"2022-10-21T21:17:49+00:00\" \/>\n<meta name=\"twitter:card\" content=\"summary_large_image\" \/>\n<meta name=\"twitter:label1\" content=\"Estimated reading time\" \/>\n\t<meta name=\"twitter:data1\" content=\"3 minutes\" \/>\n<script type=\"application\/ld+json\" class=\"yoast-schema-graph\">{\"@context\":\"https:\\\/\\\/schema.org\",\"@graph\":[{\"@type\":\"WebPage\",\"@id\":\"https:\\\/\\\/www.doebritz.de\\\/auktionsbedingungen\\\/\",\"url\":\"https:\\\/\\\/www.doebritz.de\\\/auktionsbedingungen\\\/\",\"name\":\"Auktionsbedingungen - Auktionshaus D\u00f6britz\",\"isPartOf\":{\"@id\":\"https:\\\/\\\/www.doebritz.de\\\/#website\"},\"datePublished\":\"2015-07-23T09:46:27+00:00\",\"dateModified\":\"2022-10-21T21:17:49+00:00\",\"description\":\"Kunst- und Auktionshaus D\u00f6britz: Seit \u00fcber 55 Jahren Ihr Auktionshaus in Frankfurt am Main f\u00fcr MODERNE und Alte Kunst, Gem\u00e4lde, Graphik, Fotografie, Ikonen, Skulpturen, Tapisserien, Teppiche, Uhren, M\u00f6bel, Silber, Porzellan und Schmuck.\",\"breadcrumb\":{\"@id\":\"https:\\\/\\\/www.doebritz.de\\\/auktionsbedingungen\\\/#breadcrumb\"},\"inLanguage\":\"en-GB\",\"potentialAction\":[{\"@type\":\"ReadAction\",\"target\":[\"https:\\\/\\\/www.doebritz.de\\\/auktionsbedingungen\\\/\"]}]},{\"@type\":\"BreadcrumbList\",\"@id\":\"https:\\\/\\\/www.doebritz.de\\\/auktionsbedingungen\\\/#breadcrumb\",\"itemListElement\":[{\"@type\":\"ListItem\",\"position\":1,\"name\":\"Home\",\"item\":\"https:\\\/\\\/www.doebritz.de\\\/\"},{\"@type\":\"ListItem\",\"position\":2,\"name\":\"Auktionsbedingungen\"}]},{\"@type\":\"WebSite\",\"@id\":\"https:\\\/\\\/www.doebritz.de\\\/#website\",\"url\":\"https:\\\/\\\/www.doebritz.de\\\/\",\"name\":\"Auktionshaus D\u00f6britz\",\"description\":\"Frankfurt am Main\",\"alternateName\":\"doebritz.de\",\"potentialAction\":[{\"@type\":\"SearchAction\",\"target\":{\"@type\":\"EntryPoint\",\"urlTemplate\":\"https:\\\/\\\/www.doebritz.de\\\/?s={search_term_string}\"},\"query-input\":{\"@type\":\"PropertyValueSpecification\",\"valueRequired\":true,\"valueName\":\"search_term_string\"}}],\"inLanguage\":\"en-GB\"}]}<\/script>\n<!-- \/ Yoast SEO plugin. -->","yoast_head_json":{"title":"Auction conditions - Auktionshaus D\u00f6britz","description":"Kunst- und Auktionshaus D\u00f6britz: For over 55 years your auction house in Frankfurt am Main for MODERN and old art, paintings, prints, photography, icons, sculptures, tapestries, carpets, clocks, furniture, silver, porcelain and jewellery.","robots":{"index":"index","follow":"follow","max-snippet":"max-snippet:-1","max-image-preview":"max-image-preview:large","max-video-preview":"max-video-preview:-1"},"canonical":"https:\/\/www.doebritz.de\/en\/auction-conditions\/","og_locale":"en_GB","og_type":"article","og_title":"Auktionsbedingungen - Auktionshaus D\u00f6britz","og_description":"Kunst- und Auktionshaus D\u00f6britz: Seit \u00fcber 55 Jahren Ihr Auktionshaus in Frankfurt am Main f\u00fcr MODERNE und Alte Kunst, Gem\u00e4lde, Graphik, Fotografie, Ikonen, Skulpturen, Tapisserien, Teppiche, Uhren, M\u00f6bel, Silber, Porzellan und Schmuck.","og_url":"https:\/\/www.doebritz.de\/en\/auction-conditions\/","og_site_name":"Auktionshaus D\u00f6britz","article_modified_time":"2022-10-21T21:17:49+00:00","twitter_card":"summary_large_image","twitter_misc":{"Estimated reading time":"3 minutes"},"schema":{"@context":"https:\/\/schema.org","@graph":[{"@type":"WebPage","@id":"https:\/\/www.doebritz.de\/auktionsbedingungen\/","url":"https:\/\/www.doebritz.de\/auktionsbedingungen\/","name":"Auction conditions - Auktionshaus D\u00f6britz","isPartOf":{"@id":"https:\/\/www.doebritz.de\/#website"},"datePublished":"2015-07-23T09:46:27+00:00","dateModified":"2022-10-21T21:17:49+00:00","description":"Kunst- und Auktionshaus D\u00f6britz: For over 55 years your auction house in Frankfurt am Main for MODERN and old art, paintings, prints, photography, icons, sculptures, tapestries, carpets, clocks, furniture, silver, porcelain and jewellery.","breadcrumb":{"@id":"https:\/\/www.doebritz.de\/auktionsbedingungen\/#breadcrumb"},"inLanguage":"en-GB","potentialAction":[{"@type":"ReadAction","target":["https:\/\/www.doebritz.de\/auktionsbedingungen\/"]}]},{"@type":"BreadcrumbList","@id":"https:\/\/www.doebritz.de\/auktionsbedingungen\/#breadcrumb","itemListElement":[{"@type":"ListItem","position":1,"name":"Home","item":"https:\/\/www.doebritz.de\/"},{"@type":"ListItem","position":2,"name":"Auktionsbedingungen"}]},{"@type":"WebSite","@id":"https:\/\/www.doebritz.de\/#website","url":"https:\/\/www.doebritz.de\/","name":"Auction house D\u00f6britz","description":"Frankfurt am Main","alternateName":"doebritz.de","potentialAction":[{"@type":"SearchAction","target":{"@type":"EntryPoint","urlTemplate":"https:\/\/www.doebritz.de\/?s={search_term_string}"},"query-input":{"@type":"PropertyValueSpecification","valueRequired":true,"valueName":"search_term_string"}}],"inLanguage":"en-GB"}]}},"_links":{"self":[{"href":"https:\/\/www.doebritz.de\/en\/wp-json\/wp\/v2\/pages\/89","targetHints":{"allow":["GET"]}}],"collection":[{"href":"https:\/\/www.doebritz.de\/en\/wp-json\/wp\/v2\/pages"}],"about":[{"href":"https:\/\/www.doebritz.de\/en\/wp-json\/wp\/v2\/types\/page"}],"author":[{"embeddable":true,"href":"https:\/\/www.doebritz.de\/en\/wp-json\/wp\/v2\/users\/1"}],"replies":[{"embeddable":true,"href":"https:\/\/www.doebritz.de\/en\/wp-json\/wp\/v2\/comments?post=89"}],"version-history":[{"count":3,"href":"https:\/\/www.doebritz.de\/en\/wp-json\/wp\/v2\/pages\/89\/revisions"}],"predecessor-version":[{"id":4287,"href":"https:\/\/www.doebritz.de\/en\/wp-json\/wp\/v2\/pages\/89\/revisions\/4287"}],"wp:attachment":[{"href":"https:\/\/www.doebritz.de\/en\/wp-json\/wp\/v2\/media?parent=89"}],"curies":[{"name":"wp","href":"https:\/\/api.w.org\/{rel}","templated":true}]}}